{"id":12,"date":"2017-07-11T06:30:09","date_gmt":"2017-07-11T06:30:09","guid":{"rendered":"https:\/\/aldus.com.tr\/about\/"},"modified":"2022-01-08T17:24:37","modified_gmt":"2022-01-08T17:24:37","slug":"hakkimizda","status":"publish","type":"page","link":"https:\/\/aldus.com.tr\/?page_id=12","title":{"rendered":"Hakk\u0131m\u0131zda"},"content":{"rendered":"\t\t<div data-elementor-type=\"wp-post\" data-elementor-id=\"12\" class=\"elementor elementor-12\" data-elementor-post-type=\"page\">\n\t\t\t\t\t\t<section class=\"elementor-section elementor-top-section elementor-element elementor-element-3efc614 elementor-section-boxed elementor-section-height-default elementor-section-height-default\" data-id=\"3efc614\" data-element_type=\"section\" data-settings=\"{&quot;background_background&quot;:&quot;classic&quot;}\">\n\t\t\t\t\t\t\t<div class=\"elementor-background-overlay\"><\/div>\n\t\t\t\t\t\t\t<div class=\"elementor-container elementor-column-gap-no\">\n\t\t\t\t\t<div class=\"elementor-column elementor-col-100 elementor-top-column elementor-element elementor-element-11700ba\" data-id=\"11700ba\" data-element_type=\"column\">\n\t\t\t<div class=\"elementor-widget-wrap elementor-element-populated\">\n\t\t\t\t\t\t<div class=\"elementor-element elementor-element-ad4e4b0 elementor-widget elementor-widget-heading\" data-id=\"ad4e4b0\" data-element_type=\"widget\" data-widget_type=\"heading.default\">\n\t\t\t\t<div class=\"elementor-widget-container\">\n\t\t\t\t\t<h1 class=\"elementor-heading-title elementor-size-default\">Hakk\u0131m\u0131zda<\/h1>\t\t\t\t<\/div>\n\t\t\t\t<\/div>\n\t\t\t\t\t<\/div>\n\t\t<\/div>\n\t\t\t\t\t<\/div>\n\t\t<\/section>\n\t\t\t\t<section class=\"elementor-section elementor-top-section elementor-element elementor-element-ace6056 elementor-section-boxed elementor-section-height-default elementor-section-height-default\" data-id=\"ace6056\" data-element_type=\"section\">\n\t\t\t\t\t\t<div class=\"elementor-container elementor-column-gap-no\">\n\t\t\t\t\t<div class=\"elementor-column elementor-col-100 elementor-top-column elementor-element elementor-element-08fcfe5\" data-id=\"08fcfe5\" data-element_type=\"column\">\n\t\t\t<div class=\"elementor-widget-wrap elementor-element-populated\">\n\t\t\t\t\t\t<section class=\"elementor-section elementor-inner-section elementor-element elementor-element-498156a elementor-section-boxed elementor-section-height-default elementor-section-height-default\" data-id=\"498156a\" data-element_type=\"section\">\n\t\t\t\t\t\t<div class=\"elementor-container elementor-column-gap-no\">\n\t\t\t\t\t<div class=\"elementor-column elementor-col-50 elementor-inner-column elementor-element elementor-element-0a1272b\" data-id=\"0a1272b\" data-element_type=\"column\">\n\t\t\t<div class=\"elementor-widget-wrap elementor-element-populated\">\n\t\t\t\t\t\t<div class=\"elementor-element elementor-element-26255ee elementor-widget elementor-widget-image\" data-id=\"26255ee\" data-element_type=\"widget\" data-widget_type=\"image.default\">\n\t\t\t\t<div class=\"elementor-widget-container\">\n\t\t\t\t\t\t\t\t\t\t\t\t\t\t\t<img fetchpriority=\"high\" decoding=\"async\" width=\"707\" height=\"819\" src=\"https:\/\/aldus.com.tr\/wp-content\/uploads\/2022\/01\/hakkimizda.png\" class=\"attachment-large size-large wp-image-2549\" alt=\"\" srcset=\"https:\/\/aldus.com.tr\/wp-content\/uploads\/2022\/01\/hakkimizda.png 707w, https:\/\/aldus.com.tr\/wp-content\/uploads\/2022\/01\/hakkimizda-259x300.png 259w\" sizes=\"(max-width: 707px) 100vw, 707px\" \/>\t\t\t\t\t\t\t\t\t\t\t\t\t\t\t<\/div>\n\t\t\t\t<\/div>\n\t\t\t\t\t<\/div>\n\t\t<\/div>\n\t\t\t\t<div class=\"elementor-column elementor-col-50 elementor-inner-column elementor-element elementor-element-6079953\" data-id=\"6079953\" data-element_type=\"column\">\n\t\t\t<div class=\"elementor-widget-wrap elementor-element-populated\">\n\t\t\t\t\t\t<div class=\"elementor-element elementor-element-e3d664b elementor-widget elementor-widget-text-editor\" data-id=\"e3d664b\" data-element_type=\"widget\" data-widget_type=\"text-editor.default\">\n\t\t\t\t<div class=\"elementor-widget-container\">\n\t\t\t\t\t\t\t\t\t<p><b>HAKKIMIZDA<br><br>Aldu\u015f<\/b> ad\u0131yla kurulan firmam\u0131z du\u015fakabin sekt\u00f6r\u00fcnde <br>se\u00e7kin marka olma yolunda emin ad\u0131mlarla ilerlemektedir.&nbsp;<span style=\"font-style: inherit; font-weight: inherit; color: var(--ast-global-color-3);\">Hizmet politikam\u0131z, uygun fiyat ve <br>\u00fcst\u00fcn kalitedir.<\/span><\/p>\n<p><b>Aldu\u015f<\/b>&nbsp;sizlere, du\u015f keyfini ve konforunu ya\u015fatmay\u0131 ama\u00e7lamakt\u0131r. Bizimle \u00e7al\u0131\u015fan m\u00fc\u015fteri kitlesine verile bilenecek en iyi hizmetin, kalite ve memnuniyet <br>oldu\u011funu biliyor , bu yolda prensipler edinerek, sekt\u00f6rde se\u00e7kin firmalar aras\u0131nda yerimizi korumak i\u00e7in \u00e7al\u0131\u015f\u0131yoruz.<\/p>\n<p><b>Aldu\u015f<\/b> , du\u015fakabin imalat\u0131n\u0131n yan\u0131 s\u0131ra <b>Banyo <br>Dekorasyon hizmetleri <\/b>ile de hizmet yelpazesini geli\u015ftirmektedir.&nbsp;<b style=\"font-style: inherit; color: var(--ast-global-color-3);\">Aldu\u015f<\/b><span style=\"font-style: inherit; font-weight: inherit; color: var(--ast-global-color-3);\">&nbsp;%100 yerli \u00fcretimdir ve t\u00fcm banyolar\u0131n\u0131za&nbsp;<\/span><span style=\"font-style: inherit; font-weight: inherit; color: var(--ast-global-color-3);\">farkl\u0131 \u00e7\u00f6z\u00fcmler sunabilecek hizmet <br>kalitesine sahiptir.<\/span><\/p>\n<p>Du\u015fakabin sat\u0131\u015f i\u015flemi biten bir sonu\u00e7 de\u011fil, her \u015feyin ba\u015flad\u0131\u011f\u0131 noktad\u0131r. Kullan\u0131c\u0131n\u0131n \u00fcreticiler ile ilk temas\u0131,<br>sat\u0131\u015f i\u015flemi sonras\u0131nda verilen servis hizmeti ile ba\u015flar.&nbsp;<\/p>\n<p>Bu bilin\u00e7le hareket eden <b>Aldu\u015f <\/b>eksiksiz hizmet verebilmek maksad\u0131 ile <b>&#8220;M\u00fc\u015fteri Memnuniyeti &#8220;<\/b> \u00e7at\u0131s\u0131 alt\u0131nda \u00fcretim a\u011f\u0131rl\u0131kl\u0131 bir hizmet anlay\u0131\u015f\u0131na girmi\u015ftir.<\/p>\t\t\t\t\t\t\t\t<\/div>\n\t\t\t\t<\/div>\n\t\t\t\t\t<\/div>\n\t\t<\/div>\n\t\t\t\t\t<\/div>\n\t\t<\/section>\n\t\t\t\t\t<\/div>\n\t\t<\/div>\n\t\t\t\t\t<\/div>\n\t\t<\/section>\n\t\t\t\t<section class=\"elementor-section elementor-top-section elementor-element elementor-element-f5cec16 elementor-section-boxed elementor-section-height-default elementor-section-height-default\" data-id=\"f5cec16\" data-element_type=\"section\" data-settings=\"{&quot;background_background&quot;:&quot;classic&quot;}\">\n\t\t\t\t\t\t<div class=\"elementor-container elementor-column-gap-no\">\n\t\t\t\t\t<div class=\"elementor-column elementor-col-100 elementor-top-column elementor-element elementor-element-1c9c21f\" data-id=\"1c9c21f\" data-element_type=\"column\">\n\t\t\t<div class=\"elementor-widget-wrap elementor-element-populated\">\n\t\t\t\t\t\t<div class=\"elementor-element elementor-element-c84f18f elementor-widget elementor-widget-heading\" data-id=\"c84f18f\" data-element_type=\"widget\" data-widget_type=\"heading.default\">\n\t\t\t\t<div class=\"elementor-widget-container\">\n\t\t\t\t\t<h2 class=\"elementor-heading-title elementor-size-default\">Aldu\u015f Hizmet Ak\u0131\u015f\u0131<\/h2>\t\t\t\t<\/div>\n\t\t\t\t<\/div>\n\t\t\t\t<div class=\"elementor-element elementor-element-1d030de elementor-widget elementor-widget-text-editor\" data-id=\"1d030de\" data-element_type=\"widget\" data-widget_type=\"text-editor.default\">\n\t\t\t\t<div class=\"elementor-widget-container\">\n\t\t\t\t\t\t\t\t\t<p><b>1.<\/b>Sipari\u015f a\u015famas\u0131nda \u00fcr\u00fcn\u00fcn kullan\u0131laca\u011f\u0131 yerin \u00f6l\u00e7\u00fcs\u00fcn\u00fcn al\u0131nmas\u0131.<br \/><b>2.<\/b>\u00dcretilmi\u015f olan \u00fcr\u00fcnlerin yerine montaj\u0131 <br \/><b>3.<\/b> Kullan\u0131c\u0131n\u0131n ihtiya\u00e7 duydu\u011fu durumlarda \u00fcr\u00fcn bak\u0131mlar\u0131n\u0131n yap\u0131lmas\u0131 <br \/><b>4. <\/b>M\u00fc\u015fteri geri bildirimlerinin incelenmesi ve sorunlar\u0131n giderilmesi.<\/p>\t\t\t\t\t\t\t\t<\/div>\n\t\t\t\t<\/div>\n\t\t\t\t<div class=\"elementor-element elementor-element-791cab0 elementor-widget elementor-widget-text-editor\" data-id=\"791cab0\" data-element_type=\"widget\" data-widget_type=\"text-editor.default\">\n\t\t\t\t<div class=\"elementor-widget-container\">\n\t\t\t\t\t\t\t\t\t<p>&#8221; <b>Aldu\u015f Banyonuzdaki Mutluluk.. <\/b>&#8220;<\/p>\t\t\t\t\t\t\t\t<\/div>\n\t\t\t\t<\/div>\n\t\t\t\t\t<\/div>\n\t\t<\/div>\n\t\t\t\t\t<\/div>\n\t\t<\/section>\n\t\t\t\t<\/div>\n\t\t","protected":false},"excerpt":{"rendered":"<p>Hakk\u0131m\u0131zda HAKKIMIZDA Aldu\u015f ad\u0131yla kurulan firmam\u0131z du\u015fakabin sekt\u00f6r\u00fcnde se\u00e7kin marka olma yolunda emin ad\u0131mlarla ilerlemektedir.&nbsp;Hizmet politikam\u0131z, uygun fiyat ve \u00fcst\u00fcn kalitedir. Aldu\u015f&nbsp;sizlere, du\u015f keyfini ve konforunu ya\u015fatmay\u0131 ama\u00e7lamakt\u0131r. Bizimle \u00e7al\u0131\u015fan m\u00fc\u015fteri kitlesine verile bilenecek en iyi hizmetin, kalite ve memnuniyet oldu\u011funu biliyor , bu yolda prensipler edinerek, sekt\u00f6rde se\u00e7kin firmalar aras\u0131nda yerimizi korumak i\u00e7in \u00e7al\u0131\u015f\u0131yoruz. [&hellip;]<\/p>\n","protected":false},"author":1,"featured_media":0,"parent":0,"menu_order":0,"comment_status":"closed","ping_status":"closed","template":"","meta":{"site-sidebar-layout":"no-sidebar","site-content-layout":"page-builder","ast-site-content-layout":"","site-content-style":"default","site-sidebar-style":"default","ast-global-header-display":"","ast-banner-title-visibility":"","ast-main-header-display":"","ast-hfb-above-header-display":"","ast-hfb-below-header-display":"","ast-hfb-mobile-header-display":"","site-post-title":"disabled","ast-breadcrumbs-content":"","ast-featured-img":"disabled","footer-sml-layout":"","theme-transparent-header-meta":"enabled","adv-header-id-meta":"","stick-header-meta":"","header-above-stick-meta":"","header-main-stick-meta":"","header-below-stick-meta":"","astra-migrate-meta-layouts":"default","ast-page-background-enabled":"default","ast-page-background-meta":{"desktop":{"background-color":"","background-image":"","background-repeat":"repeat","background-position":"center center","background-size":"auto","background-attachment":"scroll","background-type":"","background-media":"","overlay-type":"","overlay-color":"","overlay-opacity":"","overlay-gradient":""},"tablet":{"background-color":"","background-image":"","background-repeat":"repeat","background-position":"center center","background-size":"auto","background-attachment":"scroll","background-type":"","background-media":"","overlay-type":"","overlay-color":"","overlay-opacity":"","overlay-gradient":""},"mobile":{"background-color":"","background-image":"","background-repeat":"repeat","background-position":"center center","background-size":"auto","background-attachment":"scroll","background-type":"","background-media":"","overlay-type":"","overlay-color":"","overlay-opacity":"","overlay-gradient":""}},"ast-content-background-meta":{"desktop":{"background-color":"var(--ast-global-color-5)","background-image":"","background-repeat":"repeat","background-position":"center center","background-size":"auto","background-attachment":"scroll","background-type":"","background-media":"","overlay-type":"","overlay-color":"","overlay-opacity":"","overlay-gradient":""},"tablet":{"background-color":"var(--ast-global-color-5)","background-image":"","background-repeat":"repeat","background-position":"center center","background-size":"auto","background-attachment":"scroll","background-type":"","background-media":"","overlay-type":"","overlay-color":"","overlay-opacity":"","overlay-gradient":""},"mobile":{"background-color":"var(--ast-global-color-5)","background-image":"","background-repeat":"repeat","background-position":"center center","background-size":"auto","background-attachment":"scroll","background-type":"","background-media":"","overlay-type":"","overlay-color":"","overlay-opacity":"","overlay-gradient":""}},"footnotes":""},"class_list":["post-12","page","type-page","status-publish","hentry"],"yoast_head":"<!-- This site is optimized with the Yoast SEO plugin v24.6 - https:\/\/yoast.com\/wordpress\/plugins\/seo\/ -->\n<title>Hakk\u0131m\u0131zda - Aldu\u015f Du\u015fakabin<\/title>\n<meta name=\"robots\" content=\"index, follow, max-snippet:-1, max-image-preview:large, max-video-preview:-1\" \/>\n<link rel=\"canonical\" href=\"https:\/\/aldus.com.tr\/hakkimizda\/\" \/>\n<meta property=\"og:locale\" content=\"tr_TR\" \/>\n<meta property=\"og:type\" content=\"article\" \/>\n<meta property=\"og:title\" content=\"Hakk\u0131m\u0131zda - Aldu\u015f Du\u015fakabin\" \/>\n<meta property=\"og:description\" content=\"Hakk\u0131m\u0131zda HAKKIMIZDA Aldu\u015f ad\u0131yla kurulan firmam\u0131z du\u015fakabin sekt\u00f6r\u00fcnde se\u00e7kin marka olma yolunda emin ad\u0131mlarla ilerlemektedir.&nbsp;Hizmet politikam\u0131z, uygun fiyat ve \u00fcst\u00fcn kalitedir. Aldu\u015f&nbsp;sizlere, du\u015f keyfini ve konforunu ya\u015fatmay\u0131 ama\u00e7lamakt\u0131r. Bizimle \u00e7al\u0131\u015fan m\u00fc\u015fteri kitlesine verile bilenecek en iyi hizmetin, kalite ve memnuniyet oldu\u011funu biliyor , bu yolda prensipler edinerek, sekt\u00f6rde se\u00e7kin firmalar aras\u0131nda yerimizi korumak i\u00e7in \u00e7al\u0131\u015f\u0131yoruz. [&hellip;]\" \/>\n<meta property=\"og:url\" content=\"https:\/\/aldus.com.tr\/hakkimizda\/\" \/>\n<meta property=\"og:site_name\" content=\"Aldu\u015f Du\u015fakabin\" \/>\n<meta property=\"article:modified_time\" content=\"2022-01-08T17:24:37+00:00\" \/>\n<meta property=\"og:image\" content=\"https:\/\/aldus.com.tr\/wp-content\/uploads\/2022\/01\/hakkimizda.png\" \/>\n<meta name=\"twitter:card\" content=\"summary_large_image\" \/>\n<meta name=\"twitter:label1\" content=\"Tahmini okuma s\u00fcresi\" \/>\n\t<meta name=\"twitter:data1\" content=\"2 dakika\" \/>\n<script type=\"application\/ld+json\" class=\"yoast-schema-graph\">{\"@context\":\"https:\/\/schema.org\",\"@graph\":[{\"@type\":\"WebPage\",\"@id\":\"https:\/\/aldus.com.tr\/hakkimizda\/\",\"url\":\"https:\/\/aldus.com.tr\/hakkimizda\/\",\"name\":\"Hakk\u0131m\u0131zda - Aldu\u015f Du\u015fakabin\",\"isPartOf\":{\"@id\":\"https:\/\/aldus.com.tr\/#website\"},\"primaryImageOfPage\":{\"@id\":\"https:\/\/aldus.com.tr\/hakkimizda\/#primaryimage\"},\"image\":{\"@id\":\"https:\/\/aldus.com.tr\/hakkimizda\/#primaryimage\"},\"thumbnailUrl\":\"https:\/\/aldus.com.tr\/wp-content\/uploads\/2022\/01\/hakkimizda.png\",\"datePublished\":\"2017-07-11T06:30:09+00:00\",\"dateModified\":\"2022-01-08T17:24:37+00:00\",\"breadcrumb\":{\"@id\":\"https:\/\/aldus.com.tr\/hakkimizda\/#breadcrumb\"},\"inLanguage\":\"tr\",\"potentialAction\":[{\"@type\":\"ReadAction\",\"target\":[\"https:\/\/aldus.com.tr\/hakkimizda\/\"]}]},{\"@type\":\"ImageObject\",\"inLanguage\":\"tr\",\"@id\":\"https:\/\/aldus.com.tr\/hakkimizda\/#primaryimage\",\"url\":\"https:\/\/aldus.com.tr\/wp-content\/uploads\/2022\/01\/hakkimizda.png\",\"contentUrl\":\"https:\/\/aldus.com.tr\/wp-content\/uploads\/2022\/01\/hakkimizda.png\",\"width\":707,\"height\":819},{\"@type\":\"BreadcrumbList\",\"@id\":\"https:\/\/aldus.com.tr\/hakkimizda\/#breadcrumb\",\"itemListElement\":[{\"@type\":\"ListItem\",\"position\":1,\"name\":\"Anasayfa\",\"item\":\"https:\/\/aldus.com.tr\/\"},{\"@type\":\"ListItem\",\"position\":2,\"name\":\"Hakk\u0131m\u0131zda\"}]},{\"@type\":\"WebSite\",\"@id\":\"https:\/\/aldus.com.tr\/#website\",\"url\":\"https:\/\/aldus.com.tr\/\",\"name\":\"Aldu\u015f Du\u015fakabin\",\"description\":\"Banyonuzda ki Mutluluk\",\"publisher\":{\"@id\":\"https:\/\/aldus.com.tr\/#organization\"},\"potentialAction\":[{\"@type\":\"SearchAction\",\"target\":{\"@type\":\"EntryPoint\",\"urlTemplate\":\"https:\/\/aldus.com.tr\/?s={search_term_string}\"},\"query-input\":{\"@type\":\"PropertyValueSpecification\",\"valueRequired\":true,\"valueName\":\"search_term_string\"}}],\"inLanguage\":\"tr\"},{\"@type\":\"Organization\",\"@id\":\"https:\/\/aldus.com.tr\/#organization\",\"name\":\"Aldu\u015f Du\u015fakabin\",\"url\":\"https:\/\/aldus.com.tr\/\",\"logo\":{\"@type\":\"ImageObject\",\"inLanguage\":\"tr\",\"@id\":\"https:\/\/aldus.com.tr\/#\/schema\/logo\/image\/\",\"url\":\"https:\/\/aldus.com.tr\/wp-content\/uploads\/2021\/12\/Untitled-2.png\",\"contentUrl\":\"https:\/\/aldus.com.tr\/wp-content\/uploads\/2021\/12\/Untitled-2.png\",\"width\":1143,\"height\":499,\"caption\":\"Aldu\u015f Du\u015fakabin\"},\"image\":{\"@id\":\"https:\/\/aldus.com.tr\/#\/schema\/logo\/image\/\"}}]}<\/script>\n<!-- \/ Yoast SEO plugin. -->","yoast_head_json":{"title":"Hakk\u0131m\u0131zda - Aldu\u015f Du\u015fakabin","robots":{"index":"index","follow":"follow","max-snippet":"max-snippet:-1","max-image-preview":"max-image-preview:large","max-video-preview":"max-video-preview:-1"},"canonical":"https:\/\/aldus.com.tr\/hakkimizda\/","og_locale":"tr_TR","og_type":"article","og_title":"Hakk\u0131m\u0131zda - Aldu\u015f Du\u015fakabin","og_description":"Hakk\u0131m\u0131zda HAKKIMIZDA Aldu\u015f ad\u0131yla kurulan firmam\u0131z du\u015fakabin sekt\u00f6r\u00fcnde se\u00e7kin marka olma yolunda emin ad\u0131mlarla ilerlemektedir.&nbsp;Hizmet politikam\u0131z, uygun fiyat ve \u00fcst\u00fcn kalitedir. Aldu\u015f&nbsp;sizlere, du\u015f keyfini ve konforunu ya\u015fatmay\u0131 ama\u00e7lamakt\u0131r. Bizimle \u00e7al\u0131\u015fan m\u00fc\u015fteri kitlesine verile bilenecek en iyi hizmetin, kalite ve memnuniyet oldu\u011funu biliyor , bu yolda prensipler edinerek, sekt\u00f6rde se\u00e7kin firmalar aras\u0131nda yerimizi korumak i\u00e7in \u00e7al\u0131\u015f\u0131yoruz. [&hellip;]","og_url":"https:\/\/aldus.com.tr\/hakkimizda\/","og_site_name":"Aldu\u015f Du\u015fakabin","article_modified_time":"2022-01-08T17:24:37+00:00","og_image":[{"url":"https:\/\/aldus.com.tr\/wp-content\/uploads\/2022\/01\/hakkimizda.png","type":"","width":"","height":""}],"twitter_card":"summary_large_image","twitter_misc":{"Tahmini okuma s\u00fcresi":"2 dakika"},"schema":{"@context":"https:\/\/schema.org","@graph":[{"@type":"WebPage","@id":"https:\/\/aldus.com.tr\/hakkimizda\/","url":"https:\/\/aldus.com.tr\/hakkimizda\/","name":"Hakk\u0131m\u0131zda - Aldu\u015f Du\u015fakabin","isPartOf":{"@id":"https:\/\/aldus.com.tr\/#website"},"primaryImageOfPage":{"@id":"https:\/\/aldus.com.tr\/hakkimizda\/#primaryimage"},"image":{"@id":"https:\/\/aldus.com.tr\/hakkimizda\/#primaryimage"},"thumbnailUrl":"https:\/\/aldus.com.tr\/wp-content\/uploads\/2022\/01\/hakkimizda.png","datePublished":"2017-07-11T06:30:09+00:00","dateModified":"2022-01-08T17:24:37+00:00","breadcrumb":{"@id":"https:\/\/aldus.com.tr\/hakkimizda\/#breadcrumb"},"inLanguage":"tr","potentialAction":[{"@type":"ReadAction","target":["https:\/\/aldus.com.tr\/hakkimizda\/"]}]},{"@type":"ImageObject","inLanguage":"tr","@id":"https:\/\/aldus.com.tr\/hakkimizda\/#primaryimage","url":"https:\/\/aldus.com.tr\/wp-content\/uploads\/2022\/01\/hakkimizda.png","contentUrl":"https:\/\/aldus.com.tr\/wp-content\/uploads\/2022\/01\/hakkimizda.png","width":707,"height":819},{"@type":"BreadcrumbList","@id":"https:\/\/aldus.com.tr\/hakkimizda\/#breadcrumb","itemListElement":[{"@type":"ListItem","position":1,"name":"Anasayfa","item":"https:\/\/aldus.com.tr\/"},{"@type":"ListItem","position":2,"name":"Hakk\u0131m\u0131zda"}]},{"@type":"WebSite","@id":"https:\/\/aldus.com.tr\/#website","url":"https:\/\/aldus.com.tr\/","name":"Aldu\u015f Du\u015fakabin","description":"Banyonuzda ki Mutluluk","publisher":{"@id":"https:\/\/aldus.com.tr\/#organization"},"potentialAction":[{"@type":"SearchAction","target":{"@type":"EntryPoint","urlTemplate":"https:\/\/aldus.com.tr\/?s={search_term_string}"},"query-input":{"@type":"PropertyValueSpecification","valueRequired":true,"valueName":"search_term_string"}}],"inLanguage":"tr"},{"@type":"Organization","@id":"https:\/\/aldus.com.tr\/#organization","name":"Aldu\u015f Du\u015fakabin","url":"https:\/\/aldus.com.tr\/","logo":{"@type":"ImageObject","inLanguage":"tr","@id":"https:\/\/aldus.com.tr\/#\/schema\/logo\/image\/","url":"https:\/\/aldus.com.tr\/wp-content\/uploads\/2021\/12\/Untitled-2.png","contentUrl":"https:\/\/aldus.com.tr\/wp-content\/uploads\/2021\/12\/Untitled-2.png","width":1143,"height":499,"caption":"Aldu\u015f Du\u015fakabin"},"image":{"@id":"https:\/\/aldus.com.tr\/#\/schema\/logo\/image\/"}}]}},"_links":{"self":[{"href":"https:\/\/aldus.com.tr\/index.php?rest_route=\/wp\/v2\/pages\/12","targetHints":{"allow":["GET"]}}],"collection":[{"href":"https:\/\/aldus.com.tr\/index.php?rest_route=\/wp\/v2\/pages"}],"about":[{"href":"https:\/\/aldus.com.tr\/index.php?rest_route=\/wp\/v2\/types\/page"}],"author":[{"embeddable":true,"href":"https:\/\/aldus.com.tr\/index.php?rest_route=\/wp\/v2\/users\/1"}],"replies":[{"embeddable":true,"href":"https:\/\/aldus.com.tr\/index.php?rest_route=%2Fwp%2Fv2%2Fcomments&post=12"}],"version-history":[{"count":28,"href":"https:\/\/aldus.com.tr\/index.php?rest_route=\/wp\/v2\/pages\/12\/revisions"}],"predecessor-version":[{"id":2682,"href":"https:\/\/aldus.com.tr\/index.php?rest_route=\/wp\/v2\/pages\/12\/revisions\/2682"}],"wp:attachment":[{"href":"https:\/\/aldus.com.tr\/index.php?rest_route=%2Fwp%2Fv2%2Fmedia&parent=12"}],"curies":[{"name":"wp","href":"https:\/\/api.w.org\/{rel}","templated":true}]}}