{"id":13,"date":"2017-07-11T06:30:11","date_gmt":"2017-07-11T06:30:11","guid":{"rendered":"https:\/\/aldus.com.tr\/services\/"},"modified":"2022-01-07T18:56:24","modified_gmt":"2022-01-07T18:56:24","slug":"bilgiler","status":"publish","type":"page","link":"https:\/\/aldus.com.tr\/?page_id=13","title":{"rendered":"Bilgiler"},"content":{"rendered":"\t\t<div data-elementor-type=\"wp-post\" data-elementor-id=\"13\" class=\"elementor elementor-13\" data-elementor-post-type=\"page\">\n\t\t\t\t\t\t<section class=\"elementor-section elementor-top-section elementor-element elementor-element-2583949 elementor-section-boxed elementor-section-height-default elementor-section-height-default\" data-id=\"2583949\" data-element_type=\"section\" data-settings=\"{&quot;background_background&quot;:&quot;classic&quot;}\">\n\t\t\t\t\t\t\t<div class=\"elementor-background-overlay\"><\/div>\n\t\t\t\t\t\t\t<div class=\"elementor-container elementor-column-gap-no\">\n\t\t\t\t\t<div class=\"elementor-column elementor-col-100 elementor-top-column elementor-element elementor-element-04cde6b\" data-id=\"04cde6b\" data-element_type=\"column\">\n\t\t\t<div class=\"elementor-widget-wrap elementor-element-populated\">\n\t\t\t\t\t\t<div class=\"elementor-element elementor-element-6b91469 elementor-widget elementor-widget-heading\" data-id=\"6b91469\" data-element_type=\"widget\" data-widget_type=\"heading.default\">\n\t\t\t\t<div class=\"elementor-widget-container\">\n\t\t\t\t\t<h1 class=\"elementor-heading-title elementor-size-default\">Bilgiler<\/h1>\t\t\t\t<\/div>\n\t\t\t\t<\/div>\n\t\t\t\t\t<\/div>\n\t\t<\/div>\n\t\t\t\t\t<\/div>\n\t\t<\/section>\n\t\t\t\t<section class=\"elementor-section elementor-top-section elementor-element elementor-element-3002fe3 elementor-section-boxed elementor-section-height-default elementor-section-height-default\" data-id=\"3002fe3\" data-element_type=\"section\" data-settings=\"{&quot;background_background&quot;:&quot;classic&quot;}\">\n\t\t\t\t\t\t\t<div class=\"elementor-background-overlay\"><\/div>\n\t\t\t\t\t\t\t<div class=\"elementor-container elementor-column-gap-default\">\n\t\t\t\t\t<div class=\"elementor-column elementor-col-100 elementor-top-column elementor-element elementor-element-62cf04a\" data-id=\"62cf04a\" data-element_type=\"column\" data-settings=\"{&quot;background_background&quot;:&quot;classic&quot;}\">\n\t\t\t<div class=\"elementor-widget-wrap elementor-element-populated\">\n\t\t\t\t\t\t<div class=\"elementor-element elementor-element-02a3fcd premium-vscroll-nav-dots-yes elementor-widget elementor-widget-premium-vscroll\" data-id=\"02a3fcd\" data-element_type=\"widget\" data-widget_type=\"premium-vscroll.default\">\n\t\t\t\t<div class=\"elementor-widget-container\">\n\t\t\t\t\t\r\n\t\t<div class=\"premium-vscroll-wrap\" id=\"premium-vscroll-wrap-02a3fcd\" data-settings=\"{&quot;id&quot;:&quot;02a3fcd&quot;,&quot;speed&quot;:700,&quot;offset&quot;:0,&quot;tooltips&quot;:true,&quot;dotsText&quot;:[&quot;&quot;],&quot;dotsPos&quot;:&quot;right&quot;,&quot;dotsVPos&quot;:&quot;middle&quot;,&quot;fullSection&quot;:true,&quot;fullTouch&quot;:false,&quot;fullCheckOverflow&quot;:true,&quot;addToHistory&quot;:true,&quot;animation&quot;:&quot;&quot;,&quot;duration&quot;:null}\">\r\n\t\t\t\t\t\t<div class=\"premium-vscroll-inner\" id=\"premium-vscroll-02a3fcd\">\r\n\t\t\t\t<div class=\"premium-vscroll-dots premium-vscroll-dots-hide right middle circ\">\r\n\t\t\t\t\t<ul class=\"premium-vscroll-dots-list\">\r\n\t\t\t\t\t\t\t\t\t\t\t\t\t<li data-index=\"0\" data-menuanchor=\"section_02a3fcd0\" class=\"premium-vscroll-dot-item\">\r\n\t\t\t\t\t\t\t\t<div class=\"premium-vscroll-nav-link\"><span><\/span><\/div>\r\n\t\t\t\t\t\t\t<\/li>\r\n\t\t\t\t\t\t\t\t\t\t\t<\/ul>\r\n\t\t\t\t<\/div>\r\n\t\t\t\t\t\t\t\t\t<div class=\"premium-vscroll-sections-wrap\" id=\"premium-vscroll-sections-wrap-02a3fcd\">\r\n\r\n\t\t\t\t\t\t\t\t\t\t\t\t\t<div id=\"section_02a3fcd0\" class=\"premium-vscroll-temp premium-vscroll-temp-02a3fcd\">\r\n\t\t\t\t\t\t\t\t<style>@media(min-width:768px){.elementor-1452 .elementor-element.elementor-element-a15ea3e{width:19.311%;}.elementor-1452 .elementor-element.elementor-element-1420e69{width:53.761%;}.elementor-1452 .elementor-element.elementor-element-e4aad99{width:26.593%;}}<\/style>\t\t<div data-elementor-type=\"section\" data-elementor-id=\"1452\" class=\"elementor elementor-1452\" data-elementor-post-type=\"elementor_library\">\n\t\t\t\t\t<div class=\"elementor-section-wrap\">\n\t\t\t\t\t\t\t\t<section class=\"elementor-section elementor-top-section elementor-element elementor-element-ff4390d elementor-section-boxed elementor-section-height-default elementor-section-height-default\" data-id=\"ff4390d\" data-element_type=\"section\">\n\t\t\t\t\t\t<div class=\"elementor-container elementor-column-gap-default\">\n\t\t\t\t\t<div class=\"elementor-column elementor-col-33 elementor-top-column elementor-element elementor-element-a15ea3e\" data-id=\"a15ea3e\" data-element_type=\"column\">\n\t\t\t<div class=\"elementor-widget-wrap\">\n\t\t\t\t\t\t\t<\/div>\n\t\t<\/div>\n\t\t\t\t<div class=\"elementor-column elementor-col-33 elementor-top-column elementor-element elementor-element-1420e69\" data-id=\"1420e69\" data-element_type=\"column\">\n\t\t\t<div class=\"elementor-widget-wrap\">\n\t\t\t\t\t\t\t<\/div>\n\t\t<\/div>\n\t\t\t\t<div class=\"elementor-column elementor-col-33 elementor-top-column elementor-element elementor-element-e4aad99\" data-id=\"e4aad99\" data-element_type=\"column\">\n\t\t\t<div class=\"elementor-widget-wrap\">\n\t\t\t\t\t\t\t<\/div>\n\t\t<\/div>\n\t\t\t\t\t<\/div>\n\t\t<\/section>\n\t\t\t\t\t\t\t<\/div>\n\t\t\t\t<\/div>\n\t\t\t\t\t\t\t\t\t<\/div>\r\n\t\t\t\t\t\t\t\t\t\t\t<\/div>\r\n\t\t\t\t\t\t\t<\/div>\r\n\t\t<\/div>\r\n\r\n\t\t\t\t\t\t<\/div>\n\t\t\t\t<\/div>\n\t\t\t\t<div class=\"elementor-element elementor-element-14f11d7 premium-blog-align-center elementor-widget elementor-widget-premium-addon-blog\" data-id=\"14f11d7\" data-element_type=\"widget\" data-settings=\"{&quot;custom_posts_filter&quot;:[&quot;2325&quot;,&quot;2523&quot;,&quot;2528&quot;],&quot;premium_blog_grid&quot;:&quot;yes&quot;,&quot;premium_blog_layout&quot;:&quot;even&quot;,&quot;premium_blog_columns_number&quot;:&quot;50%&quot;,&quot;premium_blog_columns_number_tablet&quot;:&quot;50%&quot;,&quot;premium_blog_columns_number_mobile&quot;:&quot;100%&quot;}\" data-widget_type=\"premium-addon-blog.default\">\n\t\t\t\t<div class=\"elementor-widget-container\">\n\t\t\t\t\t\r\n\t\t\t\t<div class=\"premium-blog-wrap  premium-blog-even\" data-page=\"13\">\r\n\t\t\t\t\t<div class=\"premium-blog-post-outer-container\" data-total=\"1\">\r\n\t\t\t<div class=\"premium-blog-post-container premium-blog-skin-classic\">\r\n\t\t\t\t\t\t\t\t\t<div class=\"premium-blog-thumb-effect-wrapper\">\r\n\t\t\t\t\t\t<div class=\"premium-blog-thumbnail-container premium-blog-zoomin-effect\">\r\n\t\t\t\t\t\t\t<img fetchpriority=\"high\" decoding=\"async\" width=\"1920\" height=\"1280\" src=\"https:\/\/aldus.com.tr\/wp-content\/uploads\/2022\/01\/Dusakabin-Modelleri-ve-Cesitleri.jpg\" class=\"attachment-full size-full wp-image-2608\" alt=\"\" srcset=\"https:\/\/aldus.com.tr\/wp-content\/uploads\/2022\/01\/Dusakabin-Modelleri-ve-Cesitleri.jpg 1920w, https:\/\/aldus.com.tr\/wp-content\/uploads\/2022\/01\/Dusakabin-Modelleri-ve-Cesitleri-300x200.jpg 300w, https:\/\/aldus.com.tr\/wp-content\/uploads\/2022\/01\/Dusakabin-Modelleri-ve-Cesitleri-1024x683.jpg 1024w, https:\/\/aldus.com.tr\/wp-content\/uploads\/2022\/01\/Dusakabin-Modelleri-ve-Cesitleri-768x512.jpg 768w, https:\/\/aldus.com.tr\/wp-content\/uploads\/2022\/01\/Dusakabin-Modelleri-ve-Cesitleri-1536x1024.jpg 1536w\" sizes=\"(max-width: 1920px) 100vw, 1920px\" \/>\t\t\t\t\t\t<\/div>\r\n\t\t\t\t\t\t\t\t\t\t\t\t\t<div class=\"premium-blog-thumbnail-overlay\">\r\n\t\t\t\t\t\t\t\t<a class=\"elementor-icon\" href=\"https:\/\/aldus.com.tr\/?page_id=2528\" target=\"_blank\"><span>Du\u015fakabin Modelleri ve \u00c7e\u015fitleri<\/span><\/a>\r\n\t\t\t\t\t\t\t<\/div>\r\n\r\n\t\t\t\t\t\t\t\t\t\t\t\t\t\t\t\t\t\t<\/div>\r\n\t\t\t\t\t\t\t\t\t\t\t\t<div class=\"premium-blog-content-wrapper \">\r\n\r\n\t\t\t\t\t<div class=\"premium-blog-inner-container\">\r\n\r\n\t\t\t\t\t\t\t\t\t\t\t\t\t\t<h2 class=\"premium-blog-entry-title\">\r\n\t\t\t<a href=\"https:\/\/aldus.com.tr\/?page_id=2528\" target=\"_blank\">\r\n\t\t\t\tDu\u015fakabin Modelleri ve \u00c7e\u015fitleri\t\t\t<\/a>\r\n\t\t<\/h2>\r\n\t\t\t\t<div class=\"premium-blog-entry-meta\">\r\n\t\t\t\r\n\t\t\t\r\n\t\t\t\r\n\t\t\t\t\t<\/div>\r\n\t\t\r\n\t\t\t\t\t<\/div>\r\n\r\n\t\t\t\t\t\t\t<div class=\"premium-blog-content-inner-wrapper\">\r\n\t\t<p class=\"premium-blog-post-content\">Du\u015fakabin Modelleri ve \u00c7e\u015fitleri Pek \u00e7ok farkl\u0131 banyo tarz\u0131na, ev dekorasyonuna ve oda yap\u0131s\u0131na g\u00f6re \u00e7e\u015fit \u00e7e\u015fit du\u015fakabin modeli ile kar\u015f\u0131la\u015fman\u0131z m\u00fcmk\u00fcn. \u2026<\/p>\t\t<\/div>\r\n\t\t\t\t\t\t\t\r\n\t\t\t\t<\/div>\r\n\t\t\t<\/div>\r\n\t\t<\/div>\r\n\r\n\t\t\t\t<div class=\"premium-blog-post-outer-container\" data-total=\"1\">\r\n\t\t\t<div class=\"premium-blog-post-container premium-blog-skin-classic\">\r\n\t\t\t\t\t\t\t\t\t<div class=\"premium-blog-thumb-effect-wrapper\">\r\n\t\t\t\t\t\t<div class=\"premium-blog-thumbnail-container premium-blog-zoomin-effect\">\r\n\t\t\t\t\t\t\t<img decoding=\"async\" width=\"1920\" height=\"1280\" src=\"https:\/\/aldus.com.tr\/wp-content\/uploads\/2022\/01\/Dusakabin-Imalati-ve-Uretimi.jpg\" class=\"attachment-full size-full wp-image-2610\" alt=\"\" srcset=\"https:\/\/aldus.com.tr\/wp-content\/uploads\/2022\/01\/Dusakabin-Imalati-ve-Uretimi.jpg 1920w, https:\/\/aldus.com.tr\/wp-content\/uploads\/2022\/01\/Dusakabin-Imalati-ve-Uretimi-300x200.jpg 300w, https:\/\/aldus.com.tr\/wp-content\/uploads\/2022\/01\/Dusakabin-Imalati-ve-Uretimi-1024x683.jpg 1024w, https:\/\/aldus.com.tr\/wp-content\/uploads\/2022\/01\/Dusakabin-Imalati-ve-Uretimi-768x512.jpg 768w, https:\/\/aldus.com.tr\/wp-content\/uploads\/2022\/01\/Dusakabin-Imalati-ve-Uretimi-1536x1024.jpg 1536w\" sizes=\"(max-width: 1920px) 100vw, 1920px\" \/>\t\t\t\t\t\t<\/div>\r\n\t\t\t\t\t\t\t\t\t\t\t\t\t<div class=\"premium-blog-thumbnail-overlay\">\r\n\t\t\t\t\t\t\t\t<a class=\"elementor-icon\" href=\"https:\/\/aldus.com.tr\/?page_id=2523\" target=\"_blank\"><span>Du\u015fakabin \u0130malat\u0131 ve \u00dcretimi<\/span><\/a>\r\n\t\t\t\t\t\t\t<\/div>\r\n\r\n\t\t\t\t\t\t\t\t\t\t\t\t\t\t\t\t\t\t<\/div>\r\n\t\t\t\t\t\t\t\t\t\t\t\t<div class=\"premium-blog-content-wrapper \">\r\n\r\n\t\t\t\t\t<div class=\"premium-blog-inner-container\">\r\n\r\n\t\t\t\t\t\t\t\t\t\t\t\t\t\t<h2 class=\"premium-blog-entry-title\">\r\n\t\t\t<a href=\"https:\/\/aldus.com.tr\/?page_id=2523\" target=\"_blank\">\r\n\t\t\t\tDu\u015fakabin \u0130malat\u0131 ve \u00dcretimi\t\t\t<\/a>\r\n\t\t<\/h2>\r\n\t\t\t\t<div class=\"premium-blog-entry-meta\">\r\n\t\t\t\r\n\t\t\t\r\n\t\t\t\r\n\t\t\t\t\t<\/div>\r\n\t\t\r\n\t\t\t\t\t<\/div>\r\n\r\n\t\t\t\t\t\t\t<div class=\"premium-blog-content-inner-wrapper\">\r\n\t\t<p class=\"premium-blog-post-content\">Du\u015fakabin \u0130malat\u0131 ve \u00dcretimi Du\u015fakabin temelde banyolarda bir yandan dekoratif bir g\u00f6r\u00fcnt\u00fc deste\u011fi olu\u015fturan, bir yandan da du\u015f alma i\u015flemi s\u0131ras\u0131nda olu\u015fabilen \u2026<\/p>\t\t<\/div>\r\n\t\t\t\t\t\t\t\r\n\t\t\t\t<\/div>\r\n\t\t\t<\/div>\r\n\t\t<\/div>\r\n\r\n\t\t\t\t<div class=\"premium-blog-post-outer-container\" data-total=\"1\">\r\n\t\t\t<div class=\"premium-blog-post-container premium-blog-skin-classic\">\r\n\t\t\t\t\t\t\t\t\t<div class=\"premium-blog-thumb-effect-wrapper\">\r\n\t\t\t\t\t\t<div class=\"premium-blog-thumbnail-container premium-blog-zoomin-effect\">\r\n\t\t\t\t\t\t\t<img decoding=\"async\" width=\"1920\" height=\"1280\" src=\"https:\/\/aldus.com.tr\/wp-content\/uploads\/2022\/01\/Dusakabin-Temizligi-Nasil-Olmalidir.jpg\" class=\"attachment-full size-full wp-image-2609\" alt=\"\" srcset=\"https:\/\/aldus.com.tr\/wp-content\/uploads\/2022\/01\/Dusakabin-Temizligi-Nasil-Olmalidir.jpg 1920w, https:\/\/aldus.com.tr\/wp-content\/uploads\/2022\/01\/Dusakabin-Temizligi-Nasil-Olmalidir-300x200.jpg 300w, https:\/\/aldus.com.tr\/wp-content\/uploads\/2022\/01\/Dusakabin-Temizligi-Nasil-Olmalidir-1024x683.jpg 1024w, https:\/\/aldus.com.tr\/wp-content\/uploads\/2022\/01\/Dusakabin-Temizligi-Nasil-Olmalidir-768x512.jpg 768w, https:\/\/aldus.com.tr\/wp-content\/uploads\/2022\/01\/Dusakabin-Temizligi-Nasil-Olmalidir-1536x1024.jpg 1536w\" sizes=\"(max-width: 1920px) 100vw, 1920px\" \/>\t\t\t\t\t\t<\/div>\r\n\t\t\t\t\t\t\t\t\t\t\t\t\t<div class=\"premium-blog-thumbnail-overlay\">\r\n\t\t\t\t\t\t\t\t<a class=\"elementor-icon\" href=\"https:\/\/aldus.com.tr\/?page_id=2325\" target=\"_blank\"><span>Du\u015fakabin Temizli\u011fi Nas\u0131l Olmal\u0131d\u0131r?<\/span><\/a>\r\n\t\t\t\t\t\t\t<\/div>\r\n\r\n\t\t\t\t\t\t\t\t\t\t\t\t\t\t\t\t\t\t<\/div>\r\n\t\t\t\t\t\t\t\t\t\t\t\t<div class=\"premium-blog-content-wrapper \">\r\n\r\n\t\t\t\t\t<div class=\"premium-blog-inner-container\">\r\n\r\n\t\t\t\t\t\t\t\t\t\t\t\t\t\t<h2 class=\"premium-blog-entry-title\">\r\n\t\t\t<a href=\"https:\/\/aldus.com.tr\/?page_id=2325\" target=\"_blank\">\r\n\t\t\t\tDu\u015fakabin Temizli\u011fi Nas\u0131l Olmal\u0131d\u0131r?\t\t\t<\/a>\r\n\t\t<\/h2>\r\n\t\t\t\t<div class=\"premium-blog-entry-meta\">\r\n\t\t\t\r\n\t\t\t\r\n\t\t\t\r\n\t\t\t\t\t<\/div>\r\n\t\t\r\n\t\t\t\t\t<\/div>\r\n\r\n\t\t\t\t\t\t\t<div class=\"premium-blog-content-inner-wrapper\">\r\n\t\t<p class=\"premium-blog-post-content\">Du\u015fakabin Temizli\u011fi Nas\u0131l Olmal\u0131d\u0131r? Du\u015fakabin temizli\u011fi yaparken dikkat etmeniz gereken belli ba\u015fl\u0131 p\u00fcf noktalar vard\u0131r. Her \u015feyden \u00f6nce du\u015fakabin camlar\u0131n\u0131 temizlerken kulland\u0131\u011f\u0131n\u0131z \u2026<\/p>\t\t<\/div>\r\n\t\t\t\t\t\t\t\r\n\t\t\t\t<\/div>\r\n\t\t\t<\/div>\r\n\t\t<\/div>\r\n\r\n\t\t\t\t<\/div>\r\n\r\n\t\t\t\t\t\t<\/div>\n\t\t\t\t<\/div>\n\t\t\t\t\t<\/div>\n\t\t<\/div>\n\t\t\t\t\t<\/div>\n\t\t<\/section>\n\t\t\t\t<\/div>\n\t\t","protected":false},"excerpt":{"rendered":"<p>Bilgiler Du\u015fakabin Modelleri ve \u00c7e\u015fitleri Du\u015fakabin Modelleri ve \u00c7e\u015fitleri Pek \u00e7ok farkl\u0131 banyo tarz\u0131na, ev dekorasyonuna ve oda yap\u0131s\u0131na g\u00f6re \u00e7e\u015fit \u00e7e\u015fit du\u015fakabin modeli ile kar\u015f\u0131la\u015fman\u0131z m\u00fcmk\u00fcn. \u2026 Du\u015fakabin \u0130malat\u0131 ve \u00dcretimi Du\u015fakabin \u0130malat\u0131 ve \u00dcretimi Du\u015fakabin temelde banyolarda bir yandan dekoratif bir g\u00f6r\u00fcnt\u00fc deste\u011fi olu\u015fturan, bir yandan da du\u015f alma i\u015flemi s\u0131ras\u0131nda olu\u015fabilen \u2026 [&hellip;]<\/p>\n","protected":false},"author":1,"featured_media":0,"parent":0,"menu_order":0,"comment_status":"closed","ping_status":"closed","template":"","meta":{"site-sidebar-layout":"no-sidebar","site-content-layout":"page-builder","ast-site-content-layout":"","site-content-style":"default","site-sidebar-style":"default","ast-global-header-display":"","ast-banner-title-visibility":"","ast-main-header-display":"","ast-hfb-above-header-display":"","ast-hfb-below-header-display":"","ast-hfb-mobile-header-display":"","site-post-title":"disabled","ast-breadcrumbs-content":"","ast-featured-img":"disabled","footer-sml-layout":"","theme-transparent-header-meta":"enabled","adv-header-id-meta":"","stick-header-meta":"","header-above-stick-meta":"","header-main-stick-meta":"","header-below-stick-meta":"","astra-migrate-meta-layouts":"default","ast-page-background-enabled":"default","ast-page-background-meta":{"desktop":{"background-color":"","background-image":"","background-repeat":"repeat","background-position":"center center","background-size":"auto","background-attachment":"scroll","background-type":"","background-media":"","overlay-type":"","overlay-color":"","overlay-opacity":"","overlay-gradient":""},"tablet":{"background-color":"","background-image":"","background-repeat":"repeat","background-position":"center center","background-size":"auto","background-attachment":"scroll","background-type":"","background-media":"","overlay-type":"","overlay-color":"","overlay-opacity":"","overlay-gradient":""},"mobile":{"background-color":"","background-image":"","background-repeat":"repeat","background-position":"center center","background-size":"auto","background-attachment":"scroll","background-type":"","background-media":"","overlay-type":"","overlay-color":"","overlay-opacity":"","overlay-gradient":""}},"ast-content-background-meta":{"desktop":{"background-color":"var(--ast-global-color-5)","background-image":"","background-repeat":"repeat","background-position":"center center","background-size":"auto","background-attachment":"scroll","background-type":"","background-media":"","overlay-type":"","overlay-color":"","overlay-opacity":"","overlay-gradient":""},"tablet":{"background-color":"var(--ast-global-color-5)","background-image":"","background-repeat":"repeat","background-position":"center center","background-size":"auto","background-attachment":"scroll","background-type":"","background-media":"","overlay-type":"","overlay-color":"","overlay-opacity":"","overlay-gradient":""},"mobile":{"background-color":"var(--ast-global-color-5)","background-image":"","background-repeat":"repeat","background-position":"center center","background-size":"auto","background-attachment":"scroll","background-type":"","background-media":"","overlay-type":"","overlay-color":"","overlay-opacity":"","overlay-gradient":""}},"footnotes":""},"class_list":["post-13","page","type-page","status-publish","hentry"],"yoast_head":"<!-- This site is optimized with the Yoast SEO plugin v24.6 - https:\/\/yoast.com\/wordpress\/plugins\/seo\/ -->\n<title>Bilgiler - Aldu\u015f Du\u015fakabin<\/title>\n<meta name=\"robots\" content=\"index, follow, max-snippet:-1, max-image-preview:large, max-video-preview:-1\" \/>\n<link rel=\"canonical\" href=\"https:\/\/aldus.com.tr\/bilgiler\/\" \/>\n<meta property=\"og:locale\" content=\"tr_TR\" \/>\n<meta property=\"og:type\" content=\"article\" \/>\n<meta property=\"og:title\" content=\"Bilgiler - Aldu\u015f Du\u015fakabin\" \/>\n<meta property=\"og:description\" content=\"Bilgiler Du\u015fakabin Modelleri ve \u00c7e\u015fitleri Du\u015fakabin Modelleri ve \u00c7e\u015fitleri Pek \u00e7ok farkl\u0131 banyo tarz\u0131na, ev dekorasyonuna ve oda yap\u0131s\u0131na g\u00f6re \u00e7e\u015fit \u00e7e\u015fit du\u015fakabin modeli ile kar\u015f\u0131la\u015fman\u0131z m\u00fcmk\u00fcn. \u2026 Du\u015fakabin \u0130malat\u0131 ve \u00dcretimi Du\u015fakabin \u0130malat\u0131 ve \u00dcretimi Du\u015fakabin temelde banyolarda bir yandan dekoratif bir g\u00f6r\u00fcnt\u00fc deste\u011fi olu\u015fturan, bir yandan da du\u015f alma i\u015flemi s\u0131ras\u0131nda olu\u015fabilen \u2026 [&hellip;]\" \/>\n<meta property=\"og:url\" content=\"https:\/\/aldus.com.tr\/bilgiler\/\" \/>\n<meta property=\"og:site_name\" content=\"Aldu\u015f Du\u015fakabin\" \/>\n<meta property=\"article:modified_time\" content=\"2022-01-07T18:56:24+00:00\" \/>\n<meta property=\"og:image\" content=\"https:\/\/aldus.com.tr\/wp-content\/uploads\/2022\/01\/urunler.jpg\" \/>\n<meta name=\"twitter:card\" content=\"summary_large_image\" \/>\n<meta name=\"twitter:label1\" content=\"Tahmini okuma s\u00fcresi\" \/>\n\t<meta name=\"twitter:data1\" content=\"3 dakika\" \/>\n<script type=\"application\/ld+json\" class=\"yoast-schema-graph\">{\"@context\":\"https:\/\/schema.org\",\"@graph\":[{\"@type\":\"WebPage\",\"@id\":\"https:\/\/aldus.com.tr\/bilgiler\/\",\"url\":\"https:\/\/aldus.com.tr\/bilgiler\/\",\"name\":\"Bilgiler - Aldu\u015f Du\u015fakabin\",\"isPartOf\":{\"@id\":\"https:\/\/aldus.com.tr\/#website\"},\"primaryImageOfPage\":{\"@id\":\"https:\/\/aldus.com.tr\/bilgiler\/#primaryimage\"},\"image\":{\"@id\":\"https:\/\/aldus.com.tr\/bilgiler\/#primaryimage\"},\"thumbnailUrl\":\"https:\/\/aldus.com.tr\/wp-content\/uploads\/2022\/01\/urunler.jpg\",\"datePublished\":\"2017-07-11T06:30:11+00:00\",\"dateModified\":\"2022-01-07T18:56:24+00:00\",\"breadcrumb\":{\"@id\":\"https:\/\/aldus.com.tr\/bilgiler\/#breadcrumb\"},\"inLanguage\":\"tr\",\"potentialAction\":[{\"@type\":\"ReadAction\",\"target\":[\"https:\/\/aldus.com.tr\/bilgiler\/\"]}]},{\"@type\":\"ImageObject\",\"inLanguage\":\"tr\",\"@id\":\"https:\/\/aldus.com.tr\/bilgiler\/#primaryimage\",\"url\":\"https:\/\/aldus.com.tr\/wp-content\/uploads\/2022\/01\/urunler.jpg\",\"contentUrl\":\"https:\/\/aldus.com.tr\/wp-content\/uploads\/2022\/01\/urunler.jpg\",\"width\":1920,\"height\":1280},{\"@type\":\"BreadcrumbList\",\"@id\":\"https:\/\/aldus.com.tr\/bilgiler\/#breadcrumb\",\"itemListElement\":[{\"@type\":\"ListItem\",\"position\":1,\"name\":\"Anasayfa\",\"item\":\"https:\/\/aldus.com.tr\/\"},{\"@type\":\"ListItem\",\"position\":2,\"name\":\"Bilgiler\"}]},{\"@type\":\"WebSite\",\"@id\":\"https:\/\/aldus.com.tr\/#website\",\"url\":\"https:\/\/aldus.com.tr\/\",\"name\":\"Aldu\u015f Du\u015fakabin\",\"description\":\"Banyonuzda ki Mutluluk\",\"publisher\":{\"@id\":\"https:\/\/aldus.com.tr\/#organization\"},\"potentialAction\":[{\"@type\":\"SearchAction\",\"target\":{\"@type\":\"EntryPoint\",\"urlTemplate\":\"https:\/\/aldus.com.tr\/?s={search_term_string}\"},\"query-input\":{\"@type\":\"PropertyValueSpecification\",\"valueRequired\":true,\"valueName\":\"search_term_string\"}}],\"inLanguage\":\"tr\"},{\"@type\":\"Organization\",\"@id\":\"https:\/\/aldus.com.tr\/#organization\",\"name\":\"Aldu\u015f Du\u015fakabin\",\"url\":\"https:\/\/aldus.com.tr\/\",\"logo\":{\"@type\":\"ImageObject\",\"inLanguage\":\"tr\",\"@id\":\"https:\/\/aldus.com.tr\/#\/schema\/logo\/image\/\",\"url\":\"https:\/\/aldus.com.tr\/wp-content\/uploads\/2021\/12\/Untitled-2.png\",\"contentUrl\":\"https:\/\/aldus.com.tr\/wp-content\/uploads\/2021\/12\/Untitled-2.png\",\"width\":1143,\"height\":499,\"caption\":\"Aldu\u015f Du\u015fakabin\"},\"image\":{\"@id\":\"https:\/\/aldus.com.tr\/#\/schema\/logo\/image\/\"}}]}<\/script>\n<!-- \/ Yoast SEO plugin. -->","yoast_head_json":{"title":"Bilgiler - Aldu\u015f Du\u015fakabin","robots":{"index":"index","follow":"follow","max-snippet":"max-snippet:-1","max-image-preview":"max-image-preview:large","max-video-preview":"max-video-preview:-1"},"canonical":"https:\/\/aldus.com.tr\/bilgiler\/","og_locale":"tr_TR","og_type":"article","og_title":"Bilgiler - Aldu\u015f Du\u015fakabin","og_description":"Bilgiler Du\u015fakabin Modelleri ve \u00c7e\u015fitleri Du\u015fakabin Modelleri ve \u00c7e\u015fitleri Pek \u00e7ok farkl\u0131 banyo tarz\u0131na, ev dekorasyonuna ve oda yap\u0131s\u0131na g\u00f6re \u00e7e\u015fit \u00e7e\u015fit du\u015fakabin modeli ile kar\u015f\u0131la\u015fman\u0131z m\u00fcmk\u00fcn. \u2026 Du\u015fakabin \u0130malat\u0131 ve \u00dcretimi Du\u015fakabin \u0130malat\u0131 ve \u00dcretimi Du\u015fakabin temelde banyolarda bir yandan dekoratif bir g\u00f6r\u00fcnt\u00fc deste\u011fi olu\u015fturan, bir yandan da du\u015f alma i\u015flemi s\u0131ras\u0131nda olu\u015fabilen \u2026 [&hellip;]","og_url":"https:\/\/aldus.com.tr\/bilgiler\/","og_site_name":"Aldu\u015f Du\u015fakabin","article_modified_time":"2022-01-07T18:56:24+00:00","og_image":[{"url":"https:\/\/aldus.com.tr\/wp-content\/uploads\/2022\/01\/urunler.jpg","type":"","width":"","height":""}],"twitter_card":"summary_large_image","twitter_misc":{"Tahmini okuma s\u00fcresi":"3 dakika"},"schema":{"@context":"https:\/\/schema.org","@graph":[{"@type":"WebPage","@id":"https:\/\/aldus.com.tr\/bilgiler\/","url":"https:\/\/aldus.com.tr\/bilgiler\/","name":"Bilgiler - Aldu\u015f Du\u015fakabin","isPartOf":{"@id":"https:\/\/aldus.com.tr\/#website"},"primaryImageOfPage":{"@id":"https:\/\/aldus.com.tr\/bilgiler\/#primaryimage"},"image":{"@id":"https:\/\/aldus.com.tr\/bilgiler\/#primaryimage"},"thumbnailUrl":"https:\/\/aldus.com.tr\/wp-content\/uploads\/2022\/01\/urunler.jpg","datePublished":"2017-07-11T06:30:11+00:00","dateModified":"2022-01-07T18:56:24+00:00","breadcrumb":{"@id":"https:\/\/aldus.com.tr\/bilgiler\/#breadcrumb"},"inLanguage":"tr","potentialAction":[{"@type":"ReadAction","target":["https:\/\/aldus.com.tr\/bilgiler\/"]}]},{"@type":"ImageObject","inLanguage":"tr","@id":"https:\/\/aldus.com.tr\/bilgiler\/#primaryimage","url":"https:\/\/aldus.com.tr\/wp-content\/uploads\/2022\/01\/urunler.jpg","contentUrl":"https:\/\/aldus.com.tr\/wp-content\/uploads\/2022\/01\/urunler.jpg","width":1920,"height":1280},{"@type":"BreadcrumbList","@id":"https:\/\/aldus.com.tr\/bilgiler\/#breadcrumb","itemListElement":[{"@type":"ListItem","position":1,"name":"Anasayfa","item":"https:\/\/aldus.com.tr\/"},{"@type":"ListItem","position":2,"name":"Bilgiler"}]},{"@type":"WebSite","@id":"https:\/\/aldus.com.tr\/#website","url":"https:\/\/aldus.com.tr\/","name":"Aldu\u015f Du\u015fakabin","description":"Banyonuzda ki Mutluluk","publisher":{"@id":"https:\/\/aldus.com.tr\/#organization"},"potentialAction":[{"@type":"SearchAction","target":{"@type":"EntryPoint","urlTemplate":"https:\/\/aldus.com.tr\/?s={search_term_string}"},"query-input":{"@type":"PropertyValueSpecification","valueRequired":true,"valueName":"search_term_string"}}],"inLanguage":"tr"},{"@type":"Organization","@id":"https:\/\/aldus.com.tr\/#organization","name":"Aldu\u015f Du\u015fakabin","url":"https:\/\/aldus.com.tr\/","logo":{"@type":"ImageObject","inLanguage":"tr","@id":"https:\/\/aldus.com.tr\/#\/schema\/logo\/image\/","url":"https:\/\/aldus.com.tr\/wp-content\/uploads\/2021\/12\/Untitled-2.png","contentUrl":"https:\/\/aldus.com.tr\/wp-content\/uploads\/2021\/12\/Untitled-2.png","width":1143,"height":499,"caption":"Aldu\u015f Du\u015fakabin"},"image":{"@id":"https:\/\/aldus.com.tr\/#\/schema\/logo\/image\/"}}]}},"_links":{"self":[{"href":"https:\/\/aldus.com.tr\/index.php?rest_route=\/wp\/v2\/pages\/13","targetHints":{"allow":["GET"]}}],"collection":[{"href":"https:\/\/aldus.com.tr\/index.php?rest_route=\/wp\/v2\/pages"}],"about":[{"href":"https:\/\/aldus.com.tr\/index.php?rest_route=\/wp\/v2\/types\/page"}],"author":[{"embeddable":true,"href":"https:\/\/aldus.com.tr\/index.php?rest_route=\/wp\/v2\/users\/1"}],"replies":[{"embeddable":true,"href":"https:\/\/aldus.com.tr\/index.php?rest_route=%2Fwp%2Fv2%2Fcomments&post=13"}],"version-history":[{"count":19,"href":"https:\/\/aldus.com.tr\/index.php?rest_route=\/wp\/v2\/pages\/13\/revisions"}],"predecessor-version":[{"id":2604,"href":"https:\/\/aldus.com.tr\/index.php?rest_route=\/wp\/v2\/pages\/13\/revisions\/2604"}],"wp:attachment":[{"href":"https:\/\/aldus.com.tr\/index.php?rest_route=%2Fwp%2Fv2%2Fmedia&parent=13"}],"curies":[{"name":"wp","href":"https:\/\/api.w.org\/{rel}","templated":true}]}}