{"id":2325,"date":"2022-01-03T20:49:32","date_gmt":"2022-01-03T20:49:32","guid":{"rendered":"https:\/\/aldus.com.tr\/?page_id=2325"},"modified":"2022-01-07T20:16:42","modified_gmt":"2022-01-07T20:16:42","slug":"dusakabin-temizligi-nasil-olmalidir","status":"publish","type":"page","link":"https:\/\/aldus.com.tr\/?page_id=2325","title":{"rendered":"Du\u015fakabin Temizli\u011fi Nas\u0131l Olmal\u0131d\u0131r?"},"content":{"rendered":"\t\t<div data-elementor-type=\"wp-post\" data-elementor-id=\"2325\" class=\"elementor elementor-2325\" data-elementor-post-type=\"page\">\n\t\t\t\t\t\t<section class=\"elementor-section elementor-top-section elementor-element elementor-element-2583949 elementor-section-boxed elementor-section-height-default elementor-section-height-default\" data-id=\"2583949\" data-element_type=\"section\" data-settings=\"{&quot;background_background&quot;:&quot;classic&quot;}\">\n\t\t\t\t\t\t\t<div class=\"elementor-background-overlay\"><\/div>\n\t\t\t\t\t\t\t<div class=\"elementor-container elementor-column-gap-no\">\n\t\t\t\t\t<div class=\"elementor-column elementor-col-100 elementor-top-column elementor-element elementor-element-04cde6b\" data-id=\"04cde6b\" data-element_type=\"column\">\n\t\t\t<div class=\"elementor-widget-wrap elementor-element-populated\">\n\t\t\t\t\t\t<div class=\"elementor-element elementor-element-6b91469 elementor-widget elementor-widget-heading\" data-id=\"6b91469\" data-element_type=\"widget\" data-widget_type=\"heading.default\">\n\t\t\t\t<div class=\"elementor-widget-container\">\n\t\t\t\t\t<h1 class=\"elementor-heading-title elementor-size-default\">Du\u015fakabin Temizli\u011fi Nas\u0131l Olmal\u0131d\u0131r?\n<\/h1>\t\t\t\t<\/div>\n\t\t\t\t<\/div>\n\t\t\t\t\t<\/div>\n\t\t<\/div>\n\t\t\t\t\t<\/div>\n\t\t<\/section>\n\t\t\t\t<section class=\"elementor-section elementor-top-section elementor-element elementor-element-e29588d elementor-section-boxed elementor-section-height-default elementor-section-height-default\" data-id=\"e29588d\" data-element_type=\"section\" data-settings=\"{&quot;background_background&quot;:&quot;classic&quot;}\">\n\t\t\t\t\t\t<div class=\"elementor-container elementor-column-gap-default\">\n\t\t\t\t\t<div class=\"elementor-column elementor-col-100 elementor-top-column elementor-element elementor-element-3215456\" data-id=\"3215456\" data-element_type=\"column\">\n\t\t\t<div class=\"elementor-widget-wrap elementor-element-populated\">\n\t\t\t\t\t\t<section class=\"elementor-section elementor-inner-section elementor-element elementor-element-be586ec elementor-section-boxed elementor-section-height-default elementor-section-height-default\" data-id=\"be586ec\" data-element_type=\"section\">\n\t\t\t\t\t\t<div class=\"elementor-container elementor-column-gap-default\">\n\t\t\t\t\t<div class=\"elementor-column elementor-col-100 elementor-inner-column elementor-element elementor-element-2f82932\" data-id=\"2f82932\" data-element_type=\"column\">\n\t\t\t<div class=\"elementor-widget-wrap elementor-element-populated\">\n\t\t\t\t\t\t<div class=\"elementor-element elementor-element-1fd25a5 elementor-widget elementor-widget-text-editor\" data-id=\"1fd25a5\" data-element_type=\"widget\" data-widget_type=\"text-editor.default\">\n\t\t\t\t<div class=\"elementor-widget-container\">\n\t\t\t\t\t\t\t\t\t<p>Du\u015fakabin temizli\u011fi yaparken dikkat etmeniz gereken belli ba\u015fl\u0131 p\u00fcf noktalar vard\u0131r. Her \u015feyden \u00f6nce du\u015fakabin camlar\u0131n\u0131 temizlerken kulland\u0131\u011f\u0131n\u0131z bezin ve temizleme s\u0131v\u0131s\u0131n\u0131n \u00f6zel olmas\u0131na dikkat etmelisiniz. Yaln\u0131zca cam temizleme i\u00e7in \u00f6zel olarak \u00fcretilen s\u0131v\u0131lar\u0131 ve cam temizleme bezlerini tercih etmeniz sizin faydan\u0131za olacakt\u0131r. Bununla birlikte du\u015fakabin teknesini temizlerken di\u011fer yerlere g\u00f6re daha fazla su alan ya da su birikintilerinin olu\u015ftu\u011fu b\u00f6lgelere \u00f6zel ilgi g\u00f6stermeli, \u00e7\u00fcr\u00fcmelerini ve paslanmalar\u0131n\u0131 \u00f6nlemek i\u00e7in gerekli \u00f6nlemleri almal\u0131s\u0131n\u0131z.<\/p><p>Du\u015fakabin temizli\u011fi esnas\u0131nda dikkat etmeniz gereken bir di\u011fer \u00f6nemli konu da kabin kap\u0131lar\u0131n\u0131n silikonlar\u0131n\u0131 d\u00fczenli aral\u0131klarla temizlemeniz ve birikebilecek kir ve pastan ar\u0131nd\u0131rman\u0131zd\u0131r. E\u011fer bu basit ad\u0131mlar\u0131 takip ederek du\u015fakabininizi d\u00fczenli olarak temiz tutarsan\u0131z size uzun y\u0131llar hizmet etmesini garanti alt\u0131na alabilirsiniz.<\/p>\t\t\t\t\t\t\t\t<\/div>\n\t\t\t\t<\/div>\n\t\t\t\t\t<\/div>\n\t\t<\/div>\n\t\t\t\t\t<\/div>\n\t\t<\/section>\n\t\t\t\t\t<\/div>\n\t\t<\/div>\n\t\t\t\t\t<\/div>\n\t\t<\/section>\n\t\t\t\t<\/div>\n\t\t","protected":false},"excerpt":{"rendered":"<p>Du\u015fakabin Temizli\u011fi Nas\u0131l Olmal\u0131d\u0131r? Du\u015fakabin temizli\u011fi yaparken dikkat etmeniz gereken belli ba\u015fl\u0131 p\u00fcf noktalar vard\u0131r. Her \u015feyden \u00f6nce du\u015fakabin camlar\u0131n\u0131 temizlerken kulland\u0131\u011f\u0131n\u0131z bezin ve temizleme s\u0131v\u0131s\u0131n\u0131n \u00f6zel olmas\u0131na dikkat etmelisiniz. Yaln\u0131zca cam temizleme i\u00e7in \u00f6zel olarak \u00fcretilen s\u0131v\u0131lar\u0131 ve cam temizleme bezlerini tercih etmeniz sizin faydan\u0131za olacakt\u0131r. Bununla birlikte du\u015fakabin teknesini temizlerken di\u011fer yerlere g\u00f6re [&hellip;]<\/p>\n","protected":false},"author":1,"featured_media":2609,"parent":13,"menu_order":0,"comment_status":"closed","ping_status":"closed","template":"","meta":{"site-sidebar-layout":"no-sidebar","site-content-layout":"page-builder","ast-site-content-layout":"","site-content-style":"default","site-sidebar-style":"default","ast-global-header-display":"","ast-banner-title-visibility":"","ast-main-header-display":"","ast-hfb-above-header-display":"","ast-hfb-below-header-display":"","ast-hfb-mobile-header-display":"","site-post-title":"disabled","ast-breadcrumbs-content":"","ast-featured-img":"disabled","footer-sml-layout":"","theme-transparent-header-meta":"enabled","adv-header-id-meta":"","stick-header-meta":"","header-above-stick-meta":"","header-main-stick-meta":"","header-below-stick-meta":"","astra-migrate-meta-layouts":"default","ast-page-background-enabled":"default","ast-page-background-meta":{"desktop":{"background-color":"","background-image":"","background-repeat":"repeat","background-position":"center center","background-size":"auto","background-attachment":"scroll","background-type":"","background-media":"","overlay-type":"","overlay-color":"","overlay-opacity":"","overlay-gradient":""},"tablet":{"background-color":"","background-image":"","background-repeat":"repeat","background-position":"center center","background-size":"auto","background-attachment":"scroll","background-type":"","background-media":"","overlay-type":"","overlay-color":"","overlay-opacity":"","overlay-gradient":""},"mobile":{"background-color":"","background-image":"","background-repeat":"repeat","background-position":"center center","background-size":"auto","background-attachment":"scroll","background-type":"","background-media":"","overlay-type":"","overlay-color":"","overlay-opacity":"","overlay-gradient":""}},"ast-content-background-meta":{"desktop":{"background-color":"var(--ast-global-color-5)","background-image":"","background-repeat":"repeat","background-position":"center center","background-size":"auto","background-attachment":"scroll","background-type":"","background-media":"","overlay-type":"","overlay-color":"","overlay-opacity":"","overlay-gradient":""},"tablet":{"background-color":"var(--ast-global-color-5)","background-image":"","background-repeat":"repeat","background-position":"center center","background-size":"auto","background-attachment":"scroll","background-type":"","background-media":"","overlay-type":"","overlay-color":"","overlay-opacity":"","overlay-gradient":""},"mobile":{"background-color":"var(--ast-global-color-5)","background-image":"","background-repeat":"repeat","background-position":"center center","background-size":"auto","background-attachment":"scroll","background-type":"","background-media":"","overlay-type":"","overlay-color":"","overlay-opacity":"","overlay-gradient":""}},"footnotes":""},"class_list":["post-2325","page","type-page","status-publish","has-post-thumbnail","hentry"],"yoast_head":"<!-- This site is optimized with the Yoast SEO plugin v24.6 - https:\/\/yoast.com\/wordpress\/plugins\/seo\/ -->\n<title>Du\u015fakabin Temizli\u011fi Nas\u0131l Olmal\u0131d\u0131r? - Aldu\u015f Du\u015fakabin<\/title>\n<meta name=\"robots\" content=\"index, follow, max-snippet:-1, max-image-preview:large, max-video-preview:-1\" \/>\n<link rel=\"canonical\" href=\"https:\/\/aldus.com.tr\/bilgiler\/dusakabin-temizligi-nasil-olmalidir\/\" \/>\n<meta property=\"og:locale\" content=\"tr_TR\" \/>\n<meta property=\"og:type\" content=\"article\" \/>\n<meta property=\"og:title\" content=\"Du\u015fakabin Temizli\u011fi Nas\u0131l Olmal\u0131d\u0131r? - Aldu\u015f Du\u015fakabin\" \/>\n<meta property=\"og:description\" content=\"Du\u015fakabin Temizli\u011fi Nas\u0131l Olmal\u0131d\u0131r? Du\u015fakabin temizli\u011fi yaparken dikkat etmeniz gereken belli ba\u015fl\u0131 p\u00fcf noktalar vard\u0131r. Her \u015feyden \u00f6nce du\u015fakabin camlar\u0131n\u0131 temizlerken kulland\u0131\u011f\u0131n\u0131z bezin ve temizleme s\u0131v\u0131s\u0131n\u0131n \u00f6zel olmas\u0131na dikkat etmelisiniz. Yaln\u0131zca cam temizleme i\u00e7in \u00f6zel olarak \u00fcretilen s\u0131v\u0131lar\u0131 ve cam temizleme bezlerini tercih etmeniz sizin faydan\u0131za olacakt\u0131r. Bununla birlikte du\u015fakabin teknesini temizlerken di\u011fer yerlere g\u00f6re [&hellip;]\" \/>\n<meta property=\"og:url\" content=\"https:\/\/aldus.com.tr\/bilgiler\/dusakabin-temizligi-nasil-olmalidir\/\" \/>\n<meta property=\"og:site_name\" content=\"Aldu\u015f Du\u015fakabin\" \/>\n<meta property=\"article:modified_time\" content=\"2022-01-07T20:16:42+00:00\" \/>\n<meta property=\"og:image\" content=\"https:\/\/aldus.com.tr\/wp-content\/uploads\/2022\/01\/Dusakabin-Temizligi-Nasil-Olmalidir.jpg\" \/>\n\t<meta property=\"og:image:width\" content=\"1920\" \/>\n\t<meta property=\"og:image:height\" content=\"1280\" \/>\n\t<meta property=\"og:image:type\" content=\"image\/jpeg\" \/>\n<meta name=\"twitter:card\" content=\"summary_large_image\" \/>\n<meta name=\"twitter:label1\" content=\"Tahmini okuma s\u00fcresi\" \/>\n\t<meta name=\"twitter:data1\" content=\"3 dakika\" \/>\n<script type=\"application\/ld+json\" class=\"yoast-schema-graph\">{\"@context\":\"https:\/\/schema.org\",\"@graph\":[{\"@type\":\"WebPage\",\"@id\":\"https:\/\/aldus.com.tr\/bilgiler\/dusakabin-temizligi-nasil-olmalidir\/\",\"url\":\"https:\/\/aldus.com.tr\/bilgiler\/dusakabin-temizligi-nasil-olmalidir\/\",\"name\":\"Du\u015fakabin Temizli\u011fi Nas\u0131l Olmal\u0131d\u0131r? - Aldu\u015f Du\u015fakabin\",\"isPartOf\":{\"@id\":\"https:\/\/aldus.com.tr\/#website\"},\"primaryImageOfPage\":{\"@id\":\"https:\/\/aldus.com.tr\/bilgiler\/dusakabin-temizligi-nasil-olmalidir\/#primaryimage\"},\"image\":{\"@id\":\"https:\/\/aldus.com.tr\/bilgiler\/dusakabin-temizligi-nasil-olmalidir\/#primaryimage\"},\"thumbnailUrl\":\"https:\/\/aldus.com.tr\/wp-content\/uploads\/2022\/01\/Dusakabin-Temizligi-Nasil-Olmalidir.jpg\",\"datePublished\":\"2022-01-03T20:49:32+00:00\",\"dateModified\":\"2022-01-07T20:16:42+00:00\",\"breadcrumb\":{\"@id\":\"https:\/\/aldus.com.tr\/bilgiler\/dusakabin-temizligi-nasil-olmalidir\/#breadcrumb\"},\"inLanguage\":\"tr\",\"potentialAction\":[{\"@type\":\"ReadAction\",\"target\":[\"https:\/\/aldus.com.tr\/bilgiler\/dusakabin-temizligi-nasil-olmalidir\/\"]}]},{\"@type\":\"ImageObject\",\"inLanguage\":\"tr\",\"@id\":\"https:\/\/aldus.com.tr\/bilgiler\/dusakabin-temizligi-nasil-olmalidir\/#primaryimage\",\"url\":\"https:\/\/aldus.com.tr\/wp-content\/uploads\/2022\/01\/Dusakabin-Temizligi-Nasil-Olmalidir.jpg\",\"contentUrl\":\"https:\/\/aldus.com.tr\/wp-content\/uploads\/2022\/01\/Dusakabin-Temizligi-Nasil-Olmalidir.jpg\",\"width\":1920,\"height\":1280},{\"@type\":\"BreadcrumbList\",\"@id\":\"https:\/\/aldus.com.tr\/bilgiler\/dusakabin-temizligi-nasil-olmalidir\/#breadcrumb\",\"itemListElement\":[{\"@type\":\"ListItem\",\"position\":1,\"name\":\"Anasayfa\",\"item\":\"https:\/\/aldus.com.tr\/\"},{\"@type\":\"ListItem\",\"position\":2,\"name\":\"Bilgiler\",\"item\":\"https:\/\/aldus.com.tr\/bilgiler\/\"},{\"@type\":\"ListItem\",\"position\":3,\"name\":\"Du\u015fakabin Temizli\u011fi Nas\u0131l Olmal\u0131d\u0131r?\"}]},{\"@type\":\"WebSite\",\"@id\":\"https:\/\/aldus.com.tr\/#website\",\"url\":\"https:\/\/aldus.com.tr\/\",\"name\":\"Aldu\u015f Du\u015fakabin\",\"description\":\"Banyonuzda ki Mutluluk\",\"publisher\":{\"@id\":\"https:\/\/aldus.com.tr\/#organization\"},\"potentialAction\":[{\"@type\":\"SearchAction\",\"target\":{\"@type\":\"EntryPoint\",\"urlTemplate\":\"https:\/\/aldus.com.tr\/?s={search_term_string}\"},\"query-input\":{\"@type\":\"PropertyValueSpecification\",\"valueRequired\":true,\"valueName\":\"search_term_string\"}}],\"inLanguage\":\"tr\"},{\"@type\":\"Organization\",\"@id\":\"https:\/\/aldus.com.tr\/#organization\",\"name\":\"Aldu\u015f Du\u015fakabin\",\"url\":\"https:\/\/aldus.com.tr\/\",\"logo\":{\"@type\":\"ImageObject\",\"inLanguage\":\"tr\",\"@id\":\"https:\/\/aldus.com.tr\/#\/schema\/logo\/image\/\",\"url\":\"https:\/\/aldus.com.tr\/wp-content\/uploads\/2021\/12\/Untitled-2.png\",\"contentUrl\":\"https:\/\/aldus.com.tr\/wp-content\/uploads\/2021\/12\/Untitled-2.png\",\"width\":1143,\"height\":499,\"caption\":\"Aldu\u015f Du\u015fakabin\"},\"image\":{\"@id\":\"https:\/\/aldus.com.tr\/#\/schema\/logo\/image\/\"}}]}<\/script>\n<!-- \/ Yoast SEO plugin. -->","yoast_head_json":{"title":"Du\u015fakabin Temizli\u011fi Nas\u0131l Olmal\u0131d\u0131r? - Aldu\u015f Du\u015fakabin","robots":{"index":"index","follow":"follow","max-snippet":"max-snippet:-1","max-image-preview":"max-image-preview:large","max-video-preview":"max-video-preview:-1"},"canonical":"https:\/\/aldus.com.tr\/bilgiler\/dusakabin-temizligi-nasil-olmalidir\/","og_locale":"tr_TR","og_type":"article","og_title":"Du\u015fakabin Temizli\u011fi Nas\u0131l Olmal\u0131d\u0131r? - Aldu\u015f Du\u015fakabin","og_description":"Du\u015fakabin Temizli\u011fi Nas\u0131l Olmal\u0131d\u0131r? Du\u015fakabin temizli\u011fi yaparken dikkat etmeniz gereken belli ba\u015fl\u0131 p\u00fcf noktalar vard\u0131r. Her \u015feyden \u00f6nce du\u015fakabin camlar\u0131n\u0131 temizlerken kulland\u0131\u011f\u0131n\u0131z bezin ve temizleme s\u0131v\u0131s\u0131n\u0131n \u00f6zel olmas\u0131na dikkat etmelisiniz. Yaln\u0131zca cam temizleme i\u00e7in \u00f6zel olarak \u00fcretilen s\u0131v\u0131lar\u0131 ve cam temizleme bezlerini tercih etmeniz sizin faydan\u0131za olacakt\u0131r. Bununla birlikte du\u015fakabin teknesini temizlerken di\u011fer yerlere g\u00f6re [&hellip;]","og_url":"https:\/\/aldus.com.tr\/bilgiler\/dusakabin-temizligi-nasil-olmalidir\/","og_site_name":"Aldu\u015f Du\u015fakabin","article_modified_time":"2022-01-07T20:16:42+00:00","og_image":[{"width":1920,"height":1280,"url":"https:\/\/aldus.com.tr\/wp-content\/uploads\/2022\/01\/Dusakabin-Temizligi-Nasil-Olmalidir.jpg","type":"image\/jpeg"}],"twitter_card":"summary_large_image","twitter_misc":{"Tahmini okuma s\u00fcresi":"3 dakika"},"schema":{"@context":"https:\/\/schema.org","@graph":[{"@type":"WebPage","@id":"https:\/\/aldus.com.tr\/bilgiler\/dusakabin-temizligi-nasil-olmalidir\/","url":"https:\/\/aldus.com.tr\/bilgiler\/dusakabin-temizligi-nasil-olmalidir\/","name":"Du\u015fakabin Temizli\u011fi Nas\u0131l Olmal\u0131d\u0131r? - Aldu\u015f Du\u015fakabin","isPartOf":{"@id":"https:\/\/aldus.com.tr\/#website"},"primaryImageOfPage":{"@id":"https:\/\/aldus.com.tr\/bilgiler\/dusakabin-temizligi-nasil-olmalidir\/#primaryimage"},"image":{"@id":"https:\/\/aldus.com.tr\/bilgiler\/dusakabin-temizligi-nasil-olmalidir\/#primaryimage"},"thumbnailUrl":"https:\/\/aldus.com.tr\/wp-content\/uploads\/2022\/01\/Dusakabin-Temizligi-Nasil-Olmalidir.jpg","datePublished":"2022-01-03T20:49:32+00:00","dateModified":"2022-01-07T20:16:42+00:00","breadcrumb":{"@id":"https:\/\/aldus.com.tr\/bilgiler\/dusakabin-temizligi-nasil-olmalidir\/#breadcrumb"},"inLanguage":"tr","potentialAction":[{"@type":"ReadAction","target":["https:\/\/aldus.com.tr\/bilgiler\/dusakabin-temizligi-nasil-olmalidir\/"]}]},{"@type":"ImageObject","inLanguage":"tr","@id":"https:\/\/aldus.com.tr\/bilgiler\/dusakabin-temizligi-nasil-olmalidir\/#primaryimage","url":"https:\/\/aldus.com.tr\/wp-content\/uploads\/2022\/01\/Dusakabin-Temizligi-Nasil-Olmalidir.jpg","contentUrl":"https:\/\/aldus.com.tr\/wp-content\/uploads\/2022\/01\/Dusakabin-Temizligi-Nasil-Olmalidir.jpg","width":1920,"height":1280},{"@type":"BreadcrumbList","@id":"https:\/\/aldus.com.tr\/bilgiler\/dusakabin-temizligi-nasil-olmalidir\/#breadcrumb","itemListElement":[{"@type":"ListItem","position":1,"name":"Anasayfa","item":"https:\/\/aldus.com.tr\/"},{"@type":"ListItem","position":2,"name":"Bilgiler","item":"https:\/\/aldus.com.tr\/bilgiler\/"},{"@type":"ListItem","position":3,"name":"Du\u015fakabin Temizli\u011fi Nas\u0131l Olmal\u0131d\u0131r?"}]},{"@type":"WebSite","@id":"https:\/\/aldus.com.tr\/#website","url":"https:\/\/aldus.com.tr\/","name":"Aldu\u015f Du\u015fakabin","description":"Banyonuzda ki Mutluluk","publisher":{"@id":"https:\/\/aldus.com.tr\/#organization"},"potentialAction":[{"@type":"SearchAction","target":{"@type":"EntryPoint","urlTemplate":"https:\/\/aldus.com.tr\/?s={search_term_string}"},"query-input":{"@type":"PropertyValueSpecification","valueRequired":true,"valueName":"search_term_string"}}],"inLanguage":"tr"},{"@type":"Organization","@id":"https:\/\/aldus.com.tr\/#organization","name":"Aldu\u015f Du\u015fakabin","url":"https:\/\/aldus.com.tr\/","logo":{"@type":"ImageObject","inLanguage":"tr","@id":"https:\/\/aldus.com.tr\/#\/schema\/logo\/image\/","url":"https:\/\/aldus.com.tr\/wp-content\/uploads\/2021\/12\/Untitled-2.png","contentUrl":"https:\/\/aldus.com.tr\/wp-content\/uploads\/2021\/12\/Untitled-2.png","width":1143,"height":499,"caption":"Aldu\u015f Du\u015fakabin"},"image":{"@id":"https:\/\/aldus.com.tr\/#\/schema\/logo\/image\/"}}]}},"_links":{"self":[{"href":"https:\/\/aldus.com.tr\/index.php?rest_route=\/wp\/v2\/pages\/2325","targetHints":{"allow":["GET"]}}],"collection":[{"href":"https:\/\/aldus.com.tr\/index.php?rest_route=\/wp\/v2\/pages"}],"about":[{"href":"https:\/\/aldus.com.tr\/index.php?rest_route=\/wp\/v2\/types\/page"}],"author":[{"embeddable":true,"href":"https:\/\/aldus.com.tr\/index.php?rest_route=\/wp\/v2\/users\/1"}],"replies":[{"embeddable":true,"href":"https:\/\/aldus.com.tr\/index.php?rest_route=%2Fwp%2Fv2%2Fcomments&post=2325"}],"version-history":[{"count":21,"href":"https:\/\/aldus.com.tr\/index.php?rest_route=\/wp\/v2\/pages\/2325\/revisions"}],"predecessor-version":[{"id":2632,"href":"https:\/\/aldus.com.tr\/index.php?rest_route=\/wp\/v2\/pages\/2325\/revisions\/2632"}],"up":[{"embeddable":true,"href":"https:\/\/aldus.com.tr\/index.php?rest_route=\/wp\/v2\/pages\/13"}],"wp:featuredmedia":[{"embeddable":true,"href":"https:\/\/aldus.com.tr\/index.php?rest_route=\/wp\/v2\/media\/2609"}],"wp:attachment":[{"href":"https:\/\/aldus.com.tr\/index.php?rest_route=%2Fwp%2Fv2%2Fmedia&parent=2325"}],"curies":[{"name":"wp","href":"https:\/\/api.w.org\/{rel}","templated":true}]}}