{"id":2523,"date":"2022-01-05T20:15:10","date_gmt":"2022-01-05T20:15:10","guid":{"rendered":"https:\/\/aldus.com.tr\/?page_id=2523"},"modified":"2022-01-07T20:16:34","modified_gmt":"2022-01-07T20:16:34","slug":"dusakabin-imalati-ve-uretimi","status":"publish","type":"page","link":"https:\/\/aldus.com.tr\/?page_id=2523","title":{"rendered":"Du\u015fakabin \u0130malat\u0131 ve \u00dcretimi"},"content":{"rendered":"\t\t<div data-elementor-type=\"wp-post\" data-elementor-id=\"2523\" class=\"elementor elementor-2523\" data-elementor-post-type=\"page\">\n\t\t\t\t\t\t<section class=\"elementor-section elementor-top-section elementor-element elementor-element-2583949 elementor-section-boxed elementor-section-height-default elementor-section-height-default\" data-id=\"2583949\" data-element_type=\"section\" data-settings=\"{&quot;background_background&quot;:&quot;classic&quot;}\">\n\t\t\t\t\t\t\t<div class=\"elementor-background-overlay\"><\/div>\n\t\t\t\t\t\t\t<div class=\"elementor-container elementor-column-gap-no\">\n\t\t\t\t\t<div class=\"elementor-column elementor-col-100 elementor-top-column elementor-element elementor-element-04cde6b\" data-id=\"04cde6b\" data-element_type=\"column\">\n\t\t\t<div class=\"elementor-widget-wrap elementor-element-populated\">\n\t\t\t\t\t\t<div class=\"elementor-element elementor-element-6b91469 elementor-widget elementor-widget-heading\" data-id=\"6b91469\" data-element_type=\"widget\" data-widget_type=\"heading.default\">\n\t\t\t\t<div class=\"elementor-widget-container\">\n\t\t\t\t\t<h1 class=\"elementor-heading-title elementor-size-default\">Du\u015fakabin \u0130malat\u0131 ve \u00dcretimi\n<\/h1>\t\t\t\t<\/div>\n\t\t\t\t<\/div>\n\t\t\t\t\t<\/div>\n\t\t<\/div>\n\t\t\t\t\t<\/div>\n\t\t<\/section>\n\t\t\t\t<section class=\"elementor-section elementor-top-section elementor-element elementor-element-e29588d elementor-section-boxed elementor-section-height-default elementor-section-height-default\" data-id=\"e29588d\" data-element_type=\"section\" data-settings=\"{&quot;background_background&quot;:&quot;classic&quot;}\">\n\t\t\t\t\t\t<div class=\"elementor-container elementor-column-gap-default\">\n\t\t\t\t\t<div class=\"elementor-column elementor-col-100 elementor-top-column elementor-element elementor-element-3215456\" data-id=\"3215456\" data-element_type=\"column\">\n\t\t\t<div class=\"elementor-widget-wrap elementor-element-populated\">\n\t\t\t\t\t\t<section class=\"elementor-section elementor-inner-section elementor-element elementor-element-be586ec elementor-section-boxed elementor-section-height-default elementor-section-height-default\" data-id=\"be586ec\" data-element_type=\"section\">\n\t\t\t\t\t\t<div class=\"elementor-container elementor-column-gap-default\">\n\t\t\t\t\t<div class=\"elementor-column elementor-col-100 elementor-inner-column elementor-element elementor-element-2f82932\" data-id=\"2f82932\" data-element_type=\"column\">\n\t\t\t<div class=\"elementor-widget-wrap elementor-element-populated\">\n\t\t\t\t\t\t<div class=\"elementor-element elementor-element-1fd25a5 elementor-widget elementor-widget-text-editor\" data-id=\"1fd25a5\" data-element_type=\"widget\" data-widget_type=\"text-editor.default\">\n\t\t\t\t<div class=\"elementor-widget-container\">\n\t\t\t\t\t\t\t\t\t<p>Du\u015fakabin temelde banyolarda bir yandan dekoratif bir g\u00f6r\u00fcnt\u00fc deste\u011fi olu\u015fturan, bir yandan da du\u015f alma i\u015flemi s\u0131ras\u0131nda olu\u015fabilen su s\u0131\u00e7ramalar\u0131n\u0131 ve d\u00f6k\u00fclmelerini \u00f6nlemek \u00fczere tasarlanm\u0131\u015f, s\u0131cak havan\u0131n kabinin i\u00e7erisinde korunmas\u0131n\u0131 sa\u011flayan fonksiyonel bir banyo \u00fcr\u00fcn\u00fcd\u00fcr. G\u00fcn\u00fcm\u00fczde hemen hemen her dairede ve evde bulunan du\u015fakabin banyo, kullan\u0131m esnas\u0131nda sa\u011flad\u0131\u011f\u0131 fayda ve verimlilik itibariyle banyonun en kullan\u0131\u015fl\u0131 par\u00e7alar\u0131ndan bir tanesi olarak bilinir. Bununla birlikte son moda du\u015fakabin modelleri banyonuzun dekorasyonuna da b\u00fcy\u00fck \u00f6l\u00e7\u00fcde katk\u0131 sa\u011flar ve banyoya ho\u015f bir hava katman\u0131za yard\u0131mc\u0131 olur.<\/p>\t\t\t\t\t\t\t\t<\/div>\n\t\t\t\t<\/div>\n\t\t\t\t\t<\/div>\n\t\t<\/div>\n\t\t\t\t\t<\/div>\n\t\t<\/section>\n\t\t\t\t\t<\/div>\n\t\t<\/div>\n\t\t\t\t\t<\/div>\n\t\t<\/section>\n\t\t\t\t<\/div>\n\t\t","protected":false},"excerpt":{"rendered":"<p>Du\u015fakabin \u0130malat\u0131 ve \u00dcretimi Du\u015fakabin temelde banyolarda bir yandan dekoratif bir g\u00f6r\u00fcnt\u00fc deste\u011fi olu\u015fturan, bir yandan da du\u015f alma i\u015flemi s\u0131ras\u0131nda olu\u015fabilen su s\u0131\u00e7ramalar\u0131n\u0131 ve d\u00f6k\u00fclmelerini \u00f6nlemek \u00fczere tasarlanm\u0131\u015f, s\u0131cak havan\u0131n kabinin i\u00e7erisinde korunmas\u0131n\u0131 sa\u011flayan fonksiyonel bir banyo \u00fcr\u00fcn\u00fcd\u00fcr. G\u00fcn\u00fcm\u00fczde hemen hemen her dairede ve evde bulunan du\u015fakabin banyo, kullan\u0131m esnas\u0131nda sa\u011flad\u0131\u011f\u0131 fayda ve verimlilik [&hellip;]<\/p>\n","protected":false},"author":1,"featured_media":2610,"parent":13,"menu_order":0,"comment_status":"closed","ping_status":"closed","template":"","meta":{"site-sidebar-layout":"no-sidebar","site-content-layout":"page-builder","ast-site-content-layout":"","site-content-style":"default","site-sidebar-style":"default","ast-global-header-display":"","ast-banner-title-visibility":"","ast-main-header-display":"","ast-hfb-above-header-display":"","ast-hfb-below-header-display":"","ast-hfb-mobile-header-display":"","site-post-title":"disabled","ast-breadcrumbs-content":"","ast-featured-img":"disabled","footer-sml-layout":"","theme-transparent-header-meta":"enabled","adv-header-id-meta":"","stick-header-meta":"","header-above-stick-meta":"","header-main-stick-meta":"","header-below-stick-meta":"","astra-migrate-meta-layouts":"default","ast-page-background-enabled":"default","ast-page-background-meta":{"desktop":{"background-color":"","background-image":"","background-repeat":"repeat","background-position":"center center","background-size":"auto","background-attachment":"scroll","background-type":"","background-media":"","overlay-type":"","overlay-color":"","overlay-opacity":"","overlay-gradient":""},"tablet":{"background-color":"","background-image":"","background-repeat":"repeat","background-position":"center center","background-size":"auto","background-attachment":"scroll","background-type":"","background-media":"","overlay-type":"","overlay-color":"","overlay-opacity":"","overlay-gradient":""},"mobile":{"background-color":"","background-image":"","background-repeat":"repeat","background-position":"center center","background-size":"auto","background-attachment":"scroll","background-type":"","background-media":"","overlay-type":"","overlay-color":"","overlay-opacity":"","overlay-gradient":""}},"ast-content-background-meta":{"desktop":{"background-color":"var(--ast-global-color-5)","background-image":"","background-repeat":"repeat","background-position":"center center","background-size":"auto","background-attachment":"scroll","background-type":"","background-media":"","overlay-type":"","overlay-color":"","overlay-opacity":"","overlay-gradient":""},"tablet":{"background-color":"var(--ast-global-color-5)","background-image":"","background-repeat":"repeat","background-position":"center center","background-size":"auto","background-attachment":"scroll","background-type":"","background-media":"","overlay-type":"","overlay-color":"","overlay-opacity":"","overlay-gradient":""},"mobile":{"background-color":"var(--ast-global-color-5)","background-image":"","background-repeat":"repeat","background-position":"center center","background-size":"auto","background-attachment":"scroll","background-type":"","background-media":"","overlay-type":"","overlay-color":"","overlay-opacity":"","overlay-gradient":""}},"footnotes":""},"class_list":["post-2523","page","type-page","status-publish","has-post-thumbnail","hentry"],"yoast_head":"<!-- This site is optimized with the Yoast SEO plugin v24.6 - https:\/\/yoast.com\/wordpress\/plugins\/seo\/ -->\n<title>Du\u015fakabin \u0130malat\u0131 ve \u00dcretimi - Aldu\u015f Du\u015fakabin<\/title>\n<meta name=\"robots\" content=\"index, follow, max-snippet:-1, max-image-preview:large, max-video-preview:-1\" \/>\n<link rel=\"canonical\" href=\"https:\/\/aldus.com.tr\/bilgiler\/dusakabin-imalati-ve-uretimi\/\" \/>\n<meta property=\"og:locale\" content=\"tr_TR\" \/>\n<meta property=\"og:type\" content=\"article\" \/>\n<meta property=\"og:title\" content=\"Du\u015fakabin \u0130malat\u0131 ve \u00dcretimi - Aldu\u015f Du\u015fakabin\" \/>\n<meta property=\"og:description\" content=\"Du\u015fakabin \u0130malat\u0131 ve \u00dcretimi Du\u015fakabin temelde banyolarda bir yandan dekoratif bir g\u00f6r\u00fcnt\u00fc deste\u011fi olu\u015fturan, bir yandan da du\u015f alma i\u015flemi s\u0131ras\u0131nda olu\u015fabilen su s\u0131\u00e7ramalar\u0131n\u0131 ve d\u00f6k\u00fclmelerini \u00f6nlemek \u00fczere tasarlanm\u0131\u015f, s\u0131cak havan\u0131n kabinin i\u00e7erisinde korunmas\u0131n\u0131 sa\u011flayan fonksiyonel bir banyo \u00fcr\u00fcn\u00fcd\u00fcr. G\u00fcn\u00fcm\u00fczde hemen hemen her dairede ve evde bulunan du\u015fakabin banyo, kullan\u0131m esnas\u0131nda sa\u011flad\u0131\u011f\u0131 fayda ve verimlilik [&hellip;]\" \/>\n<meta property=\"og:url\" content=\"https:\/\/aldus.com.tr\/bilgiler\/dusakabin-imalati-ve-uretimi\/\" \/>\n<meta property=\"og:site_name\" content=\"Aldu\u015f Du\u015fakabin\" \/>\n<meta property=\"article:modified_time\" content=\"2022-01-07T20:16:34+00:00\" \/>\n<meta property=\"og:image\" content=\"https:\/\/aldus.com.tr\/wp-content\/uploads\/2022\/01\/Dusakabin-Imalati-ve-Uretimi.jpg\" \/>\n\t<meta property=\"og:image:width\" content=\"1920\" \/>\n\t<meta property=\"og:image:height\" content=\"1280\" \/>\n\t<meta property=\"og:image:type\" content=\"image\/jpeg\" \/>\n<meta name=\"twitter:card\" content=\"summary_large_image\" \/>\n<meta name=\"twitter:label1\" content=\"Tahmini okuma s\u00fcresi\" \/>\n\t<meta name=\"twitter:data1\" content=\"3 dakika\" \/>\n<script type=\"application\/ld+json\" class=\"yoast-schema-graph\">{\"@context\":\"https:\/\/schema.org\",\"@graph\":[{\"@type\":\"WebPage\",\"@id\":\"https:\/\/aldus.com.tr\/bilgiler\/dusakabin-imalati-ve-uretimi\/\",\"url\":\"https:\/\/aldus.com.tr\/bilgiler\/dusakabin-imalati-ve-uretimi\/\",\"name\":\"Du\u015fakabin \u0130malat\u0131 ve \u00dcretimi - Aldu\u015f Du\u015fakabin\",\"isPartOf\":{\"@id\":\"https:\/\/aldus.com.tr\/#website\"},\"primaryImageOfPage\":{\"@id\":\"https:\/\/aldus.com.tr\/bilgiler\/dusakabin-imalati-ve-uretimi\/#primaryimage\"},\"image\":{\"@id\":\"https:\/\/aldus.com.tr\/bilgiler\/dusakabin-imalati-ve-uretimi\/#primaryimage\"},\"thumbnailUrl\":\"https:\/\/aldus.com.tr\/wp-content\/uploads\/2022\/01\/Dusakabin-Imalati-ve-Uretimi.jpg\",\"datePublished\":\"2022-01-05T20:15:10+00:00\",\"dateModified\":\"2022-01-07T20:16:34+00:00\",\"breadcrumb\":{\"@id\":\"https:\/\/aldus.com.tr\/bilgiler\/dusakabin-imalati-ve-uretimi\/#breadcrumb\"},\"inLanguage\":\"tr\",\"potentialAction\":[{\"@type\":\"ReadAction\",\"target\":[\"https:\/\/aldus.com.tr\/bilgiler\/dusakabin-imalati-ve-uretimi\/\"]}]},{\"@type\":\"ImageObject\",\"inLanguage\":\"tr\",\"@id\":\"https:\/\/aldus.com.tr\/bilgiler\/dusakabin-imalati-ve-uretimi\/#primaryimage\",\"url\":\"https:\/\/aldus.com.tr\/wp-content\/uploads\/2022\/01\/Dusakabin-Imalati-ve-Uretimi.jpg\",\"contentUrl\":\"https:\/\/aldus.com.tr\/wp-content\/uploads\/2022\/01\/Dusakabin-Imalati-ve-Uretimi.jpg\",\"width\":1920,\"height\":1280},{\"@type\":\"BreadcrumbList\",\"@id\":\"https:\/\/aldus.com.tr\/bilgiler\/dusakabin-imalati-ve-uretimi\/#breadcrumb\",\"itemListElement\":[{\"@type\":\"ListItem\",\"position\":1,\"name\":\"Anasayfa\",\"item\":\"https:\/\/aldus.com.tr\/\"},{\"@type\":\"ListItem\",\"position\":2,\"name\":\"Bilgiler\",\"item\":\"https:\/\/aldus.com.tr\/bilgiler\/\"},{\"@type\":\"ListItem\",\"position\":3,\"name\":\"Du\u015fakabin \u0130malat\u0131 ve \u00dcretimi\"}]},{\"@type\":\"WebSite\",\"@id\":\"https:\/\/aldus.com.tr\/#website\",\"url\":\"https:\/\/aldus.com.tr\/\",\"name\":\"Aldu\u015f Du\u015fakabin\",\"description\":\"Banyonuzda ki Mutluluk\",\"publisher\":{\"@id\":\"https:\/\/aldus.com.tr\/#organization\"},\"potentialAction\":[{\"@type\":\"SearchAction\",\"target\":{\"@type\":\"EntryPoint\",\"urlTemplate\":\"https:\/\/aldus.com.tr\/?s={search_term_string}\"},\"query-input\":{\"@type\":\"PropertyValueSpecification\",\"valueRequired\":true,\"valueName\":\"search_term_string\"}}],\"inLanguage\":\"tr\"},{\"@type\":\"Organization\",\"@id\":\"https:\/\/aldus.com.tr\/#organization\",\"name\":\"Aldu\u015f Du\u015fakabin\",\"url\":\"https:\/\/aldus.com.tr\/\",\"logo\":{\"@type\":\"ImageObject\",\"inLanguage\":\"tr\",\"@id\":\"https:\/\/aldus.com.tr\/#\/schema\/logo\/image\/\",\"url\":\"https:\/\/aldus.com.tr\/wp-content\/uploads\/2021\/12\/Untitled-2.png\",\"contentUrl\":\"https:\/\/aldus.com.tr\/wp-content\/uploads\/2021\/12\/Untitled-2.png\",\"width\":1143,\"height\":499,\"caption\":\"Aldu\u015f Du\u015fakabin\"},\"image\":{\"@id\":\"https:\/\/aldus.com.tr\/#\/schema\/logo\/image\/\"}}]}<\/script>\n<!-- \/ Yoast SEO plugin. -->","yoast_head_json":{"title":"Du\u015fakabin \u0130malat\u0131 ve \u00dcretimi - Aldu\u015f Du\u015fakabin","robots":{"index":"index","follow":"follow","max-snippet":"max-snippet:-1","max-image-preview":"max-image-preview:large","max-video-preview":"max-video-preview:-1"},"canonical":"https:\/\/aldus.com.tr\/bilgiler\/dusakabin-imalati-ve-uretimi\/","og_locale":"tr_TR","og_type":"article","og_title":"Du\u015fakabin \u0130malat\u0131 ve \u00dcretimi - Aldu\u015f Du\u015fakabin","og_description":"Du\u015fakabin \u0130malat\u0131 ve \u00dcretimi Du\u015fakabin temelde banyolarda bir yandan dekoratif bir g\u00f6r\u00fcnt\u00fc deste\u011fi olu\u015fturan, bir yandan da du\u015f alma i\u015flemi s\u0131ras\u0131nda olu\u015fabilen su s\u0131\u00e7ramalar\u0131n\u0131 ve d\u00f6k\u00fclmelerini \u00f6nlemek \u00fczere tasarlanm\u0131\u015f, s\u0131cak havan\u0131n kabinin i\u00e7erisinde korunmas\u0131n\u0131 sa\u011flayan fonksiyonel bir banyo \u00fcr\u00fcn\u00fcd\u00fcr. G\u00fcn\u00fcm\u00fczde hemen hemen her dairede ve evde bulunan du\u015fakabin banyo, kullan\u0131m esnas\u0131nda sa\u011flad\u0131\u011f\u0131 fayda ve verimlilik [&hellip;]","og_url":"https:\/\/aldus.com.tr\/bilgiler\/dusakabin-imalati-ve-uretimi\/","og_site_name":"Aldu\u015f Du\u015fakabin","article_modified_time":"2022-01-07T20:16:34+00:00","og_image":[{"width":1920,"height":1280,"url":"https:\/\/aldus.com.tr\/wp-content\/uploads\/2022\/01\/Dusakabin-Imalati-ve-Uretimi.jpg","type":"image\/jpeg"}],"twitter_card":"summary_large_image","twitter_misc":{"Tahmini okuma s\u00fcresi":"3 dakika"},"schema":{"@context":"https:\/\/schema.org","@graph":[{"@type":"WebPage","@id":"https:\/\/aldus.com.tr\/bilgiler\/dusakabin-imalati-ve-uretimi\/","url":"https:\/\/aldus.com.tr\/bilgiler\/dusakabin-imalati-ve-uretimi\/","name":"Du\u015fakabin \u0130malat\u0131 ve \u00dcretimi - Aldu\u015f Du\u015fakabin","isPartOf":{"@id":"https:\/\/aldus.com.tr\/#website"},"primaryImageOfPage":{"@id":"https:\/\/aldus.com.tr\/bilgiler\/dusakabin-imalati-ve-uretimi\/#primaryimage"},"image":{"@id":"https:\/\/aldus.com.tr\/bilgiler\/dusakabin-imalati-ve-uretimi\/#primaryimage"},"thumbnailUrl":"https:\/\/aldus.com.tr\/wp-content\/uploads\/2022\/01\/Dusakabin-Imalati-ve-Uretimi.jpg","datePublished":"2022-01-05T20:15:10+00:00","dateModified":"2022-01-07T20:16:34+00:00","breadcrumb":{"@id":"https:\/\/aldus.com.tr\/bilgiler\/dusakabin-imalati-ve-uretimi\/#breadcrumb"},"inLanguage":"tr","potentialAction":[{"@type":"ReadAction","target":["https:\/\/aldus.com.tr\/bilgiler\/dusakabin-imalati-ve-uretimi\/"]}]},{"@type":"ImageObject","inLanguage":"tr","@id":"https:\/\/aldus.com.tr\/bilgiler\/dusakabin-imalati-ve-uretimi\/#primaryimage","url":"https:\/\/aldus.com.tr\/wp-content\/uploads\/2022\/01\/Dusakabin-Imalati-ve-Uretimi.jpg","contentUrl":"https:\/\/aldus.com.tr\/wp-content\/uploads\/2022\/01\/Dusakabin-Imalati-ve-Uretimi.jpg","width":1920,"height":1280},{"@type":"BreadcrumbList","@id":"https:\/\/aldus.com.tr\/bilgiler\/dusakabin-imalati-ve-uretimi\/#breadcrumb","itemListElement":[{"@type":"ListItem","position":1,"name":"Anasayfa","item":"https:\/\/aldus.com.tr\/"},{"@type":"ListItem","position":2,"name":"Bilgiler","item":"https:\/\/aldus.com.tr\/bilgiler\/"},{"@type":"ListItem","position":3,"name":"Du\u015fakabin \u0130malat\u0131 ve \u00dcretimi"}]},{"@type":"WebSite","@id":"https:\/\/aldus.com.tr\/#website","url":"https:\/\/aldus.com.tr\/","name":"Aldu\u015f Du\u015fakabin","description":"Banyonuzda ki Mutluluk","publisher":{"@id":"https:\/\/aldus.com.tr\/#organization"},"potentialAction":[{"@type":"SearchAction","target":{"@type":"EntryPoint","urlTemplate":"https:\/\/aldus.com.tr\/?s={search_term_string}"},"query-input":{"@type":"PropertyValueSpecification","valueRequired":true,"valueName":"search_term_string"}}],"inLanguage":"tr"},{"@type":"Organization","@id":"https:\/\/aldus.com.tr\/#organization","name":"Aldu\u015f Du\u015fakabin","url":"https:\/\/aldus.com.tr\/","logo":{"@type":"ImageObject","inLanguage":"tr","@id":"https:\/\/aldus.com.tr\/#\/schema\/logo\/image\/","url":"https:\/\/aldus.com.tr\/wp-content\/uploads\/2021\/12\/Untitled-2.png","contentUrl":"https:\/\/aldus.com.tr\/wp-content\/uploads\/2021\/12\/Untitled-2.png","width":1143,"height":499,"caption":"Aldu\u015f Du\u015fakabin"},"image":{"@id":"https:\/\/aldus.com.tr\/#\/schema\/logo\/image\/"}}]}},"_links":{"self":[{"href":"https:\/\/aldus.com.tr\/index.php?rest_route=\/wp\/v2\/pages\/2523","targetHints":{"allow":["GET"]}}],"collection":[{"href":"https:\/\/aldus.com.tr\/index.php?rest_route=\/wp\/v2\/pages"}],"about":[{"href":"https:\/\/aldus.com.tr\/index.php?rest_route=\/wp\/v2\/types\/page"}],"author":[{"embeddable":true,"href":"https:\/\/aldus.com.tr\/index.php?rest_route=\/wp\/v2\/users\/1"}],"replies":[{"embeddable":true,"href":"https:\/\/aldus.com.tr\/index.php?rest_route=%2Fwp%2Fv2%2Fcomments&post=2523"}],"version-history":[{"count":12,"href":"https:\/\/aldus.com.tr\/index.php?rest_route=\/wp\/v2\/pages\/2523\/revisions"}],"predecessor-version":[{"id":2629,"href":"https:\/\/aldus.com.tr\/index.php?rest_route=\/wp\/v2\/pages\/2523\/revisions\/2629"}],"up":[{"embeddable":true,"href":"https:\/\/aldus.com.tr\/index.php?rest_route=\/wp\/v2\/pages\/13"}],"wp:featuredmedia":[{"embeddable":true,"href":"https:\/\/aldus.com.tr\/index.php?rest_route=\/wp\/v2\/media\/2610"}],"wp:attachment":[{"href":"https:\/\/aldus.com.tr\/index.php?rest_route=%2Fwp%2Fv2%2Fmedia&parent=2523"}],"curies":[{"name":"wp","href":"https:\/\/api.w.org\/{rel}","templated":true}]}}