{"id":2528,"date":"2022-01-05T20:16:19","date_gmt":"2022-01-05T20:16:19","guid":{"rendered":"https:\/\/aldus.com.tr\/?page_id=2528"},"modified":"2022-01-07T20:16:26","modified_gmt":"2022-01-07T20:16:26","slug":"dusakabin-modelleri-ve-cesitleri","status":"publish","type":"page","link":"https:\/\/aldus.com.tr\/?page_id=2528","title":{"rendered":"Du\u015fakabin Modelleri ve \u00c7e\u015fitleri"},"content":{"rendered":"\t\t<div data-elementor-type=\"wp-post\" data-elementor-id=\"2528\" class=\"elementor elementor-2528\" data-elementor-post-type=\"page\">\n\t\t\t\t\t\t<section class=\"elementor-section elementor-top-section elementor-element elementor-element-2583949 elementor-section-boxed elementor-section-height-default elementor-section-height-default\" data-id=\"2583949\" data-element_type=\"section\" data-settings=\"{&quot;background_background&quot;:&quot;classic&quot;}\">\n\t\t\t\t\t\t\t<div class=\"elementor-background-overlay\"><\/div>\n\t\t\t\t\t\t\t<div class=\"elementor-container elementor-column-gap-no\">\n\t\t\t\t\t<div class=\"elementor-column elementor-col-100 elementor-top-column elementor-element elementor-element-04cde6b\" data-id=\"04cde6b\" data-element_type=\"column\">\n\t\t\t<div class=\"elementor-widget-wrap elementor-element-populated\">\n\t\t\t\t\t\t<div class=\"elementor-element elementor-element-6b91469 elementor-widget elementor-widget-heading\" data-id=\"6b91469\" data-element_type=\"widget\" data-widget_type=\"heading.default\">\n\t\t\t\t<div class=\"elementor-widget-container\">\n\t\t\t\t\t<h1 class=\"elementor-heading-title elementor-size-default\">Du\u015fakabin Modelleri ve \u00c7e\u015fitleri\n<\/h1>\t\t\t\t<\/div>\n\t\t\t\t<\/div>\n\t\t\t\t\t<\/div>\n\t\t<\/div>\n\t\t\t\t\t<\/div>\n\t\t<\/section>\n\t\t\t\t<section class=\"elementor-section elementor-top-section elementor-element elementor-element-e29588d elementor-section-boxed elementor-section-height-default elementor-section-height-default\" data-id=\"e29588d\" data-element_type=\"section\" data-settings=\"{&quot;background_background&quot;:&quot;classic&quot;}\">\n\t\t\t\t\t\t<div class=\"elementor-container elementor-column-gap-default\">\n\t\t\t\t\t<div class=\"elementor-column elementor-col-100 elementor-top-column elementor-element elementor-element-3215456\" data-id=\"3215456\" data-element_type=\"column\">\n\t\t\t<div class=\"elementor-widget-wrap elementor-element-populated\">\n\t\t\t\t\t\t<section class=\"elementor-section elementor-inner-section elementor-element elementor-element-be586ec elementor-section-boxed elementor-section-height-default elementor-section-height-default\" data-id=\"be586ec\" data-element_type=\"section\">\n\t\t\t\t\t\t<div class=\"elementor-container elementor-column-gap-default\">\n\t\t\t\t\t<div class=\"elementor-column elementor-col-100 elementor-inner-column elementor-element elementor-element-2f82932\" data-id=\"2f82932\" data-element_type=\"column\">\n\t\t\t<div class=\"elementor-widget-wrap elementor-element-populated\">\n\t\t\t\t\t\t<div class=\"elementor-element elementor-element-1fd25a5 elementor-widget elementor-widget-text-editor\" data-id=\"1fd25a5\" data-element_type=\"widget\" data-widget_type=\"text-editor.default\">\n\t\t\t\t<div class=\"elementor-widget-container\">\n\t\t\t\t\t\t\t\t\t<p>Pek \u00e7ok farkl\u0131 banyo tarz\u0131na, ev dekorasyonuna ve oda yap\u0131s\u0131na g\u00f6re \u00e7e\u015fit \u00e7e\u015fit du\u015fakabin modeli ile kar\u015f\u0131la\u015fman\u0131z m\u00fcmk\u00fcn. Banyonuza en uygun du\u015fakabin modelini se\u00e7meden \u00f6nce ne t\u00fcr bir du\u015fakabin istedi\u011finizi kararla\u015ft\u0131rman\u0131z gerekiyor. Bu karar\u0131 vermek i\u00e7in internet \u00fczerinden du\u015fakabin modelleri \u00fczerinde ara\u015ft\u0131rma yapabilece\u011finiz gibi farkl\u0131 du\u015fakabin firmalar\u0131n\u0131n kataloglar\u0131n\u0131 inceleyebilir ve az \u00e7ok fikir edinebilirsiniz. Bununla birlikte piyasada hali haz\u0131rda var olan du\u015fakabin \u00e7e\u015fitleri \u00fczerinde de k\u00fc\u00e7\u00fck bir ara\u015ft\u0131rma yapman\u0131zda fayda var.<\/p><p>En pop\u00fcler du\u015fakabin modellerini \u00f6zetle s\u0131ralayacak olursak kar\u015f\u0131m\u0131za cam du\u015fakabin ve teknesiz du\u015fakabin \u00e7\u0131kacakt\u0131r. Genellikle in\u015faat projelerinde, apartman dairelerinde ve di\u011fer ya\u015fam alanlar\u0131nda en \u00e7ok kar\u015f\u0131la\u015ft\u0131\u011f\u0131m\u0131z du\u015fakabin \u00e7e\u015fidi takdir edersiniz ki cam du\u015fakabin \u00e7e\u015fididir.<\/p>\t\t\t\t\t\t\t\t<\/div>\n\t\t\t\t<\/div>\n\t\t\t\t\t<\/div>\n\t\t<\/div>\n\t\t\t\t\t<\/div>\n\t\t<\/section>\n\t\t\t\t<section class=\"elementor-section elementor-inner-section elementor-element elementor-element-ae5c046 elementor-section-boxed elementor-section-height-default elementor-section-height-default\" data-id=\"ae5c046\" data-element_type=\"section\">\n\t\t\t\t\t\t<div class=\"elementor-container elementor-column-gap-default\">\n\t\t\t\t\t<div class=\"elementor-column elementor-col-100 elementor-inner-column elementor-element elementor-element-0d8f084\" data-id=\"0d8f084\" data-element_type=\"column\">\n\t\t\t<div class=\"elementor-widget-wrap elementor-element-populated\">\n\t\t\t\t\t\t<div class=\"elementor-element elementor-element-3e2b882 elementor-widget elementor-widget-text-editor\" data-id=\"3e2b882\" data-element_type=\"widget\" data-widget_type=\"text-editor.default\">\n\t\t\t\t<div class=\"elementor-widget-container\">\n\t\t\t\t\t\t\t\t\t<p>Cam du\u015fakabin modelleri genellikle kabin kap\u0131lar\u0131n\u0131n camdan olu\u015ftu\u011fu modeller olarak bilinir. \u00c7o\u011fu zaman \u00e7ift kanatl\u0131 kap\u0131lardan olu\u015fan bu camlar her iki taraf\u0131nda bulunan \u00f6zel silikon materyal sayesinde kapand\u0131\u011f\u0131nda birbirine yap\u0131\u015f\u0131r ve hi\u00e7bir \u015fekilde su ge\u00e7mesine izin vermez.<\/p><p>Cam du\u015fakabinler uzmanlar taraf\u0131ndan en \u00e7ok dar ve k\u00fc\u00e7\u00fck banyo alanlar\u0131nda kullan\u0131lmak \u00fczere tavsiye edilir; zira du\u015fakabin cam\u0131n\u0131n olu\u015fturdu\u011fu \u015feffafl\u0131k odan\u0131n daralmas\u0131n\u0131 engeller ve ferah bir g\u00f6r\u00fcn\u00fcm yakalaman\u0131za yard\u0131mc\u0131 olur. Bu tip du\u015fakabinler ayn\u0131 zamanda cam\u0131n verdi\u011fi estetik, dekoratif ve zarif duru\u015ftan da faydalanarak adeta banyoda bir tasar\u0131m \u00f6nc\u00fcs\u00fc olarak g\u00f6ze hitap ederler.<\/p><p>En pop\u00fcler du\u015fakabin modellerini \u00f6zetle s\u0131ralayacak olursak kar\u015f\u0131m\u0131za cam du\u015fakabin ve teknesiz du\u015fakabin \u00e7\u0131kacakt\u0131r. Genellikle in\u015faat projelerinde, apartman dairelerinde ve di\u011fer ya\u015fam alanlar\u0131nda en \u00e7ok kar\u015f\u0131la\u015ft\u0131\u011f\u0131m\u0131z du\u015fakabin \u00e7e\u015fidi takdir edersiniz ki cam du\u015fakabin \u00e7e\u015fididir.<\/p>\t\t\t\t\t\t\t\t<\/div>\n\t\t\t\t<\/div>\n\t\t\t\t\t<\/div>\n\t\t<\/div>\n\t\t\t\t\t<\/div>\n\t\t<\/section>\n\t\t\t\t\t<\/div>\n\t\t<\/div>\n\t\t\t\t\t<\/div>\n\t\t<\/section>\n\t\t\t\t<\/div>\n\t\t","protected":false},"excerpt":{"rendered":"<p>Du\u015fakabin Modelleri ve \u00c7e\u015fitleri Pek \u00e7ok farkl\u0131 banyo tarz\u0131na, ev dekorasyonuna ve oda yap\u0131s\u0131na g\u00f6re \u00e7e\u015fit \u00e7e\u015fit du\u015fakabin modeli ile kar\u015f\u0131la\u015fman\u0131z m\u00fcmk\u00fcn. Banyonuza en uygun du\u015fakabin modelini se\u00e7meden \u00f6nce ne t\u00fcr bir du\u015fakabin istedi\u011finizi kararla\u015ft\u0131rman\u0131z gerekiyor. Bu karar\u0131 vermek i\u00e7in internet \u00fczerinden du\u015fakabin modelleri \u00fczerinde ara\u015ft\u0131rma yapabilece\u011finiz gibi farkl\u0131 du\u015fakabin firmalar\u0131n\u0131n kataloglar\u0131n\u0131 inceleyebilir ve az [&hellip;]<\/p>\n","protected":false},"author":1,"featured_media":2608,"parent":13,"menu_order":0,"comment_status":"closed","ping_status":"closed","template":"","meta":{"site-sidebar-layout":"no-sidebar","site-content-layout":"page-builder","ast-site-content-layout":"","site-content-style":"default","site-sidebar-style":"default","ast-global-header-display":"","ast-banner-title-visibility":"","ast-main-header-display":"","ast-hfb-above-header-display":"","ast-hfb-below-header-display":"","ast-hfb-mobile-header-display":"","site-post-title":"disabled","ast-breadcrumbs-content":"","ast-featured-img":"disabled","footer-sml-layout":"","theme-transparent-header-meta":"enabled","adv-header-id-meta":"","stick-header-meta":"","header-above-stick-meta":"","header-main-stick-meta":"","header-below-stick-meta":"","astra-migrate-meta-layouts":"default","ast-page-background-enabled":"default","ast-page-background-meta":{"desktop":{"background-color":"","background-image":"","background-repeat":"repeat","background-position":"center center","background-size":"auto","background-attachment":"scroll","background-type":"","background-media":"","overlay-type":"","overlay-color":"","overlay-opacity":"","overlay-gradient":""},"tablet":{"background-color":"","background-image":"","background-repeat":"repeat","background-position":"center center","background-size":"auto","background-attachment":"scroll","background-type":"","background-media":"","overlay-type":"","overlay-color":"","overlay-opacity":"","overlay-gradient":""},"mobile":{"background-color":"","background-image":"","background-repeat":"repeat","background-position":"center center","background-size":"auto","background-attachment":"scroll","background-type":"","background-media":"","overlay-type":"","overlay-color":"","overlay-opacity":"","overlay-gradient":""}},"ast-content-background-meta":{"desktop":{"background-color":"var(--ast-global-color-5)","background-image":"","background-repeat":"repeat","background-position":"center center","background-size":"auto","background-attachment":"scroll","background-type":"","background-media":"","overlay-type":"","overlay-color":"","overlay-opacity":"","overlay-gradient":""},"tablet":{"background-color":"var(--ast-global-color-5)","background-image":"","background-repeat":"repeat","background-position":"center center","background-size":"auto","background-attachment":"scroll","background-type":"","background-media":"","overlay-type":"","overlay-color":"","overlay-opacity":"","overlay-gradient":""},"mobile":{"background-color":"var(--ast-global-color-5)","background-image":"","background-repeat":"repeat","background-position":"center center","background-size":"auto","background-attachment":"scroll","background-type":"","background-media":"","overlay-type":"","overlay-color":"","overlay-opacity":"","overlay-gradient":""}},"footnotes":""},"class_list":["post-2528","page","type-page","status-publish","has-post-thumbnail","hentry"],"yoast_head":"<!-- This site is optimized with the Yoast SEO plugin v24.6 - https:\/\/yoast.com\/wordpress\/plugins\/seo\/ -->\n<title>Du\u015fakabin Modelleri ve \u00c7e\u015fitleri - Aldu\u015f Du\u015fakabin<\/title>\n<meta name=\"robots\" content=\"index, follow, max-snippet:-1, max-image-preview:large, max-video-preview:-1\" \/>\n<link rel=\"canonical\" href=\"https:\/\/aldus.com.tr\/bilgiler\/dusakabin-modelleri-ve-cesitleri\/\" \/>\n<meta property=\"og:locale\" content=\"tr_TR\" \/>\n<meta property=\"og:type\" content=\"article\" \/>\n<meta property=\"og:title\" content=\"Du\u015fakabin Modelleri ve \u00c7e\u015fitleri - Aldu\u015f Du\u015fakabin\" \/>\n<meta property=\"og:description\" content=\"Du\u015fakabin Modelleri ve \u00c7e\u015fitleri Pek \u00e7ok farkl\u0131 banyo tarz\u0131na, ev dekorasyonuna ve oda yap\u0131s\u0131na g\u00f6re \u00e7e\u015fit \u00e7e\u015fit du\u015fakabin modeli ile kar\u015f\u0131la\u015fman\u0131z m\u00fcmk\u00fcn. Banyonuza en uygun du\u015fakabin modelini se\u00e7meden \u00f6nce ne t\u00fcr bir du\u015fakabin istedi\u011finizi kararla\u015ft\u0131rman\u0131z gerekiyor. Bu karar\u0131 vermek i\u00e7in internet \u00fczerinden du\u015fakabin modelleri \u00fczerinde ara\u015ft\u0131rma yapabilece\u011finiz gibi farkl\u0131 du\u015fakabin firmalar\u0131n\u0131n kataloglar\u0131n\u0131 inceleyebilir ve az [&hellip;]\" \/>\n<meta property=\"og:url\" content=\"https:\/\/aldus.com.tr\/bilgiler\/dusakabin-modelleri-ve-cesitleri\/\" \/>\n<meta property=\"og:site_name\" content=\"Aldu\u015f Du\u015fakabin\" \/>\n<meta property=\"article:modified_time\" content=\"2022-01-07T20:16:26+00:00\" \/>\n<meta property=\"og:image\" content=\"https:\/\/aldus.com.tr\/wp-content\/uploads\/2022\/01\/Dusakabin-Modelleri-ve-Cesitleri.jpg\" \/>\n\t<meta property=\"og:image:width\" content=\"1920\" \/>\n\t<meta property=\"og:image:height\" content=\"1280\" \/>\n\t<meta property=\"og:image:type\" content=\"image\/jpeg\" \/>\n<meta name=\"twitter:card\" content=\"summary_large_image\" \/>\n<meta name=\"twitter:label1\" content=\"Tahmini okuma s\u00fcresi\" \/>\n\t<meta name=\"twitter:data1\" content=\"3 dakika\" \/>\n<script type=\"application\/ld+json\" class=\"yoast-schema-graph\">{\"@context\":\"https:\/\/schema.org\",\"@graph\":[{\"@type\":\"WebPage\",\"@id\":\"https:\/\/aldus.com.tr\/bilgiler\/dusakabin-modelleri-ve-cesitleri\/\",\"url\":\"https:\/\/aldus.com.tr\/bilgiler\/dusakabin-modelleri-ve-cesitleri\/\",\"name\":\"Du\u015fakabin Modelleri ve \u00c7e\u015fitleri - Aldu\u015f Du\u015fakabin\",\"isPartOf\":{\"@id\":\"https:\/\/aldus.com.tr\/#website\"},\"primaryImageOfPage\":{\"@id\":\"https:\/\/aldus.com.tr\/bilgiler\/dusakabin-modelleri-ve-cesitleri\/#primaryimage\"},\"image\":{\"@id\":\"https:\/\/aldus.com.tr\/bilgiler\/dusakabin-modelleri-ve-cesitleri\/#primaryimage\"},\"thumbnailUrl\":\"https:\/\/aldus.com.tr\/wp-content\/uploads\/2022\/01\/Dusakabin-Modelleri-ve-Cesitleri.jpg\",\"datePublished\":\"2022-01-05T20:16:19+00:00\",\"dateModified\":\"2022-01-07T20:16:26+00:00\",\"breadcrumb\":{\"@id\":\"https:\/\/aldus.com.tr\/bilgiler\/dusakabin-modelleri-ve-cesitleri\/#breadcrumb\"},\"inLanguage\":\"tr\",\"potentialAction\":[{\"@type\":\"ReadAction\",\"target\":[\"https:\/\/aldus.com.tr\/bilgiler\/dusakabin-modelleri-ve-cesitleri\/\"]}]},{\"@type\":\"ImageObject\",\"inLanguage\":\"tr\",\"@id\":\"https:\/\/aldus.com.tr\/bilgiler\/dusakabin-modelleri-ve-cesitleri\/#primaryimage\",\"url\":\"https:\/\/aldus.com.tr\/wp-content\/uploads\/2022\/01\/Dusakabin-Modelleri-ve-Cesitleri.jpg\",\"contentUrl\":\"https:\/\/aldus.com.tr\/wp-content\/uploads\/2022\/01\/Dusakabin-Modelleri-ve-Cesitleri.jpg\",\"width\":1920,\"height\":1280},{\"@type\":\"BreadcrumbList\",\"@id\":\"https:\/\/aldus.com.tr\/bilgiler\/dusakabin-modelleri-ve-cesitleri\/#breadcrumb\",\"itemListElement\":[{\"@type\":\"ListItem\",\"position\":1,\"name\":\"Anasayfa\",\"item\":\"https:\/\/aldus.com.tr\/\"},{\"@type\":\"ListItem\",\"position\":2,\"name\":\"Bilgiler\",\"item\":\"https:\/\/aldus.com.tr\/bilgiler\/\"},{\"@type\":\"ListItem\",\"position\":3,\"name\":\"Du\u015fakabin Modelleri ve \u00c7e\u015fitleri\"}]},{\"@type\":\"WebSite\",\"@id\":\"https:\/\/aldus.com.tr\/#website\",\"url\":\"https:\/\/aldus.com.tr\/\",\"name\":\"Aldu\u015f Du\u015fakabin\",\"description\":\"Banyonuzda ki Mutluluk\",\"publisher\":{\"@id\":\"https:\/\/aldus.com.tr\/#organization\"},\"potentialAction\":[{\"@type\":\"SearchAction\",\"target\":{\"@type\":\"EntryPoint\",\"urlTemplate\":\"https:\/\/aldus.com.tr\/?s={search_term_string}\"},\"query-input\":{\"@type\":\"PropertyValueSpecification\",\"valueRequired\":true,\"valueName\":\"search_term_string\"}}],\"inLanguage\":\"tr\"},{\"@type\":\"Organization\",\"@id\":\"https:\/\/aldus.com.tr\/#organization\",\"name\":\"Aldu\u015f Du\u015fakabin\",\"url\":\"https:\/\/aldus.com.tr\/\",\"logo\":{\"@type\":\"ImageObject\",\"inLanguage\":\"tr\",\"@id\":\"https:\/\/aldus.com.tr\/#\/schema\/logo\/image\/\",\"url\":\"https:\/\/aldus.com.tr\/wp-content\/uploads\/2021\/12\/Untitled-2.png\",\"contentUrl\":\"https:\/\/aldus.com.tr\/wp-content\/uploads\/2021\/12\/Untitled-2.png\",\"width\":1143,\"height\":499,\"caption\":\"Aldu\u015f Du\u015fakabin\"},\"image\":{\"@id\":\"https:\/\/aldus.com.tr\/#\/schema\/logo\/image\/\"}}]}<\/script>\n<!-- \/ Yoast SEO plugin. -->","yoast_head_json":{"title":"Du\u015fakabin Modelleri ve \u00c7e\u015fitleri - Aldu\u015f Du\u015fakabin","robots":{"index":"index","follow":"follow","max-snippet":"max-snippet:-1","max-image-preview":"max-image-preview:large","max-video-preview":"max-video-preview:-1"},"canonical":"https:\/\/aldus.com.tr\/bilgiler\/dusakabin-modelleri-ve-cesitleri\/","og_locale":"tr_TR","og_type":"article","og_title":"Du\u015fakabin Modelleri ve \u00c7e\u015fitleri - Aldu\u015f Du\u015fakabin","og_description":"Du\u015fakabin Modelleri ve \u00c7e\u015fitleri Pek \u00e7ok farkl\u0131 banyo tarz\u0131na, ev dekorasyonuna ve oda yap\u0131s\u0131na g\u00f6re \u00e7e\u015fit \u00e7e\u015fit du\u015fakabin modeli ile kar\u015f\u0131la\u015fman\u0131z m\u00fcmk\u00fcn. Banyonuza en uygun du\u015fakabin modelini se\u00e7meden \u00f6nce ne t\u00fcr bir du\u015fakabin istedi\u011finizi kararla\u015ft\u0131rman\u0131z gerekiyor. Bu karar\u0131 vermek i\u00e7in internet \u00fczerinden du\u015fakabin modelleri \u00fczerinde ara\u015ft\u0131rma yapabilece\u011finiz gibi farkl\u0131 du\u015fakabin firmalar\u0131n\u0131n kataloglar\u0131n\u0131 inceleyebilir ve az [&hellip;]","og_url":"https:\/\/aldus.com.tr\/bilgiler\/dusakabin-modelleri-ve-cesitleri\/","og_site_name":"Aldu\u015f Du\u015fakabin","article_modified_time":"2022-01-07T20:16:26+00:00","og_image":[{"width":1920,"height":1280,"url":"https:\/\/aldus.com.tr\/wp-content\/uploads\/2022\/01\/Dusakabin-Modelleri-ve-Cesitleri.jpg","type":"image\/jpeg"}],"twitter_card":"summary_large_image","twitter_misc":{"Tahmini okuma s\u00fcresi":"3 dakika"},"schema":{"@context":"https:\/\/schema.org","@graph":[{"@type":"WebPage","@id":"https:\/\/aldus.com.tr\/bilgiler\/dusakabin-modelleri-ve-cesitleri\/","url":"https:\/\/aldus.com.tr\/bilgiler\/dusakabin-modelleri-ve-cesitleri\/","name":"Du\u015fakabin Modelleri ve \u00c7e\u015fitleri - Aldu\u015f Du\u015fakabin","isPartOf":{"@id":"https:\/\/aldus.com.tr\/#website"},"primaryImageOfPage":{"@id":"https:\/\/aldus.com.tr\/bilgiler\/dusakabin-modelleri-ve-cesitleri\/#primaryimage"},"image":{"@id":"https:\/\/aldus.com.tr\/bilgiler\/dusakabin-modelleri-ve-cesitleri\/#primaryimage"},"thumbnailUrl":"https:\/\/aldus.com.tr\/wp-content\/uploads\/2022\/01\/Dusakabin-Modelleri-ve-Cesitleri.jpg","datePublished":"2022-01-05T20:16:19+00:00","dateModified":"2022-01-07T20:16:26+00:00","breadcrumb":{"@id":"https:\/\/aldus.com.tr\/bilgiler\/dusakabin-modelleri-ve-cesitleri\/#breadcrumb"},"inLanguage":"tr","potentialAction":[{"@type":"ReadAction","target":["https:\/\/aldus.com.tr\/bilgiler\/dusakabin-modelleri-ve-cesitleri\/"]}]},{"@type":"ImageObject","inLanguage":"tr","@id":"https:\/\/aldus.com.tr\/bilgiler\/dusakabin-modelleri-ve-cesitleri\/#primaryimage","url":"https:\/\/aldus.com.tr\/wp-content\/uploads\/2022\/01\/Dusakabin-Modelleri-ve-Cesitleri.jpg","contentUrl":"https:\/\/aldus.com.tr\/wp-content\/uploads\/2022\/01\/Dusakabin-Modelleri-ve-Cesitleri.jpg","width":1920,"height":1280},{"@type":"BreadcrumbList","@id":"https:\/\/aldus.com.tr\/bilgiler\/dusakabin-modelleri-ve-cesitleri\/#breadcrumb","itemListElement":[{"@type":"ListItem","position":1,"name":"Anasayfa","item":"https:\/\/aldus.com.tr\/"},{"@type":"ListItem","position":2,"name":"Bilgiler","item":"https:\/\/aldus.com.tr\/bilgiler\/"},{"@type":"ListItem","position":3,"name":"Du\u015fakabin Modelleri ve \u00c7e\u015fitleri"}]},{"@type":"WebSite","@id":"https:\/\/aldus.com.tr\/#website","url":"https:\/\/aldus.com.tr\/","name":"Aldu\u015f Du\u015fakabin","description":"Banyonuzda ki Mutluluk","publisher":{"@id":"https:\/\/aldus.com.tr\/#organization"},"potentialAction":[{"@type":"SearchAction","target":{"@type":"EntryPoint","urlTemplate":"https:\/\/aldus.com.tr\/?s={search_term_string}"},"query-input":{"@type":"PropertyValueSpecification","valueRequired":true,"valueName":"search_term_string"}}],"inLanguage":"tr"},{"@type":"Organization","@id":"https:\/\/aldus.com.tr\/#organization","name":"Aldu\u015f Du\u015fakabin","url":"https:\/\/aldus.com.tr\/","logo":{"@type":"ImageObject","inLanguage":"tr","@id":"https:\/\/aldus.com.tr\/#\/schema\/logo\/image\/","url":"https:\/\/aldus.com.tr\/wp-content\/uploads\/2021\/12\/Untitled-2.png","contentUrl":"https:\/\/aldus.com.tr\/wp-content\/uploads\/2021\/12\/Untitled-2.png","width":1143,"height":499,"caption":"Aldu\u015f Du\u015fakabin"},"image":{"@id":"https:\/\/aldus.com.tr\/#\/schema\/logo\/image\/"}}]}},"_links":{"self":[{"href":"https:\/\/aldus.com.tr\/index.php?rest_route=\/wp\/v2\/pages\/2528","targetHints":{"allow":["GET"]}}],"collection":[{"href":"https:\/\/aldus.com.tr\/index.php?rest_route=\/wp\/v2\/pages"}],"about":[{"href":"https:\/\/aldus.com.tr\/index.php?rest_route=\/wp\/v2\/types\/page"}],"author":[{"embeddable":true,"href":"https:\/\/aldus.com.tr\/index.php?rest_route=\/wp\/v2\/users\/1"}],"replies":[{"embeddable":true,"href":"https:\/\/aldus.com.tr\/index.php?rest_route=%2Fwp%2Fv2%2Fcomments&post=2528"}],"version-history":[{"count":12,"href":"https:\/\/aldus.com.tr\/index.php?rest_route=\/wp\/v2\/pages\/2528\/revisions"}],"predecessor-version":[{"id":2626,"href":"https:\/\/aldus.com.tr\/index.php?rest_route=\/wp\/v2\/pages\/2528\/revisions\/2626"}],"up":[{"embeddable":true,"href":"https:\/\/aldus.com.tr\/index.php?rest_route=\/wp\/v2\/pages\/13"}],"wp:featuredmedia":[{"embeddable":true,"href":"https:\/\/aldus.com.tr\/index.php?rest_route=\/wp\/v2\/media\/2608"}],"wp:attachment":[{"href":"https:\/\/aldus.com.tr\/index.php?rest_route=%2Fwp%2Fv2%2Fmedia&parent=2528"}],"curies":[{"name":"wp","href":"https:\/\/api.w.org\/{rel}","templated":true}]}}